{"id":103,"date":"2021-03-08T19:22:26","date_gmt":"2021-03-08T18:22:26","guid":{"rendered":"https:\/\/www.arpeme.fr\/wordpress\/?page_id=103"},"modified":"2021-03-25T10:31:07","modified_gmt":"2021-03-25T09:31:07","slug":"aspects-techniques","status":"publish","type":"page","link":"https:\/\/www.arpeme.fr\/wordpress\/mallette-maternelle\/aspects-techniques\/","title":{"rendered":"Aspects techniques"},"content":{"rendered":"\n<p class=\"has-black-color has-text-color\">Nous avons fait le choix du num\u00e9rique pour pr\u00e9senter et diffuser ces ressources en faisant<\/p>\n\n\n\n<p class=\"has-black-color has-text-color\"> l\u2019hypoth\u00e8se que ce type de support faciliterait la diffusion.<\/p>\n\n\n\n<p class=\"has-black-color has-text-color\">D\u2019autre part ce choix nous a permis de structurer les activit\u00e9s pour les \u00e9l\u00e8ves \u00e0 partir d\u2019une organisation des apprentissages sur le nombre. Cette organisation est mat\u00e9rialis\u00e9e par des cartes mentales qui donnent une vision claire et rapide de l\u2019articulation entre les diff\u00e9rentes connaissances \u00e0 aborder \u00e0 l\u2019\u00e9cole maternelle.<\/p>\n\n\n\n<p class=\"has-black-color has-text-color\">Ces cartes mentales permettent d\u2019acc\u00e9der rapidement aux ressources n\u00e9cessaires pour comprendre les situations d\u2019apprentissage tout en exposant clairement le lien entre les connaissances mises en jeu. Elles permettent d\u2019associer dans un m\u00eame document des textes, du mat\u00e9riel \u00e0 imprimer, des images fixes ou anim\u00e9es avec la possibilit\u00e9 pour chaque utilisateur d\u2019appr\u00e9hender la ressource en suivant des chemins diff\u00e9rents dans la carte.<\/p>\n\n\n\n<p class=\"has-black-color has-text-color\">Elles fonctionnent avec le logiciel XMind, libre de droit et utilisable aussi bien sur PC (windows ou linux) que sur Mac. Vous devez au pr\u00e9alable&nbsp;<a href=\"http:\/\/www.xmind.net\/download\/win\/\" target=\"_blank\" rel=\"noreferrer noopener\">t\u00e9l\u00e9charger<\/a>&nbsp;et installer le logiciel sur votre ordinateur.<\/p>\n\n\n\n<p class=\"has-black-color has-text-color\">Pour profiter de la mallette, vous devez t\u00e9l\u00e9charger chacune des cartes mentales ci-dessous. Enregistrez-les dans un m\u00eame dossier puis ouvrez la principale (le nombre \u00e0 l&rsquo;\u00e9cole maternelle) avec le logiciel XMind. Du contenu multim\u00e9dia est pr\u00e9sent dans ces documents, certains fichiers sont lourds : le t\u00e9l\u00e9chargement pourra \u00eatre long en fonction de votre vitesse de connexion, de m\u00eame que le lancement dans le logiciel (il faut \u00eatre patient).<\/p>\n\n\n\n<div class=\"wp-block-image\"><figure class=\"alignright size-large is-resized\"><img loading=\"lazy\" decoding=\"async\" src=\"https:\/\/www.arpeme.fr\/wordpress\/wp-content\/uploads\/2021\/01\/logo_cread_ife.jpg\" alt=\"\" class=\"wp-image-64\" width=\"117\" height=\"112\"\/><\/figure><\/div>\n\n\n\n<div class=\"wp-block-image\"><figure class=\"alignleft size-large is-resized\"><a href=\"http:\/\/www.copirelem.fr\/\"><img loading=\"lazy\" decoding=\"async\" src=\"https:\/\/www.arpeme.fr\/wordpress\/wp-content\/uploads\/2021\/01\/logo_copi.jpg\" alt=\"\" class=\"wp-image-65\" width=\"164\" height=\"103\"\/><\/a><\/figure><\/div>\n","protected":false},"excerpt":{"rendered":"<p>Nous avons fait le choix du num\u00e9rique pour pr\u00e9senter et diffuser ces ressources en faisant l\u2019hypoth\u00e8se que ce type de support faciliterait la diffusion. D\u2019autre part ce choix nous a permis de structurer les activit\u00e9s pour les \u00e9l\u00e8ves \u00e0 partir d\u2019une organisation des apprentissages sur le nombre. Cette organisation est mat\u00e9rialis\u00e9e par des cartes mentales [&hellip;]<\/p>\n","protected":false},"author":3,"featured_media":0,"parent":63,"menu_order":0,"comment_status":"closed","ping_status":"closed","template":"","meta":{"footnotes":""},"class_list":["post-103","page","type-page","status-publish","hentry"],"jetpack-related-posts":[],"jetpack_sharing_enabled":true,"_links":{"self":[{"href":"https:\/\/www.arpeme.fr\/wordpress\/wp-json\/wp\/v2\/pages\/103","targetHints":{"allow":["GET"]}}],"collection":[{"href":"https:\/\/www.arpeme.fr\/wordpress\/wp-json\/wp\/v2\/pages"}],"about":[{"href":"https:\/\/www.arpeme.fr\/wordpress\/wp-json\/wp\/v2\/types\/page"}],"author":[{"embeddable":true,"href":"https:\/\/www.arpeme.fr\/wordpress\/wp-json\/wp\/v2\/users\/3"}],"replies":[{"embeddable":true,"href":"https:\/\/www.arpeme.fr\/wordpress\/wp-json\/wp\/v2\/comments?post=103"}],"version-history":[{"count":0,"href":"https:\/\/www.arpeme.fr\/wordpress\/wp-json\/wp\/v2\/pages\/103\/revisions"}],"up":[{"embeddable":true,"href":"https:\/\/www.arpeme.fr\/wordpress\/wp-json\/wp\/v2\/pages\/63"}],"wp:attachment":[{"href":"https:\/\/www.arpeme.fr\/wordpress\/wp-json\/wp\/v2\/media?parent=103"}],"curies":[{"name":"wp","href":"https:\/\/api.w.org\/{rel}","templated":true}]}}