{"id":32,"date":"2021-01-15T18:18:39","date_gmt":"2021-01-15T17:18:39","guid":{"rendered":"https:\/\/www.arpeme.fr\/wordpress\/?page_id=32"},"modified":"2025-03-14T10:49:02","modified_gmt":"2025-03-14T09:49:02","slug":"copirelem","status":"publish","type":"page","link":"https:\/\/www.arpeme.fr\/wordpress\/copirelem\/","title":{"rendered":"COPIRELEM"},"content":{"rendered":"\n<h4 class=\"wp-block-heading\">Commission Permanente des IREM sur l\u2019Enseignement \u00c9l\u00e9mentaire<\/h4>\n\n\n\n<div class=\"wp-block-image\"><figure class=\"aligncenter size-large is-resized\"><a href=\"http:\/\/www.copirelem.fr\/\"><img loading=\"lazy\" decoding=\"async\" src=\"https:\/\/www.arpeme.fr\/wordpress\/wp-content\/uploads\/2021\/01\/logo-copi.jpg.bmp\" alt=\"\" class=\"wp-image-26\" width=\"246\" height=\"155\"\/><\/a><\/figure><\/div>\n\n\n\n<p>La COPIRELEM, Commission Permanente des&nbsp;<a rel=\"noreferrer noopener\" href=\"http:\/\/www.univ-irem.fr\/spip.php?rubrique12\" target=\"_blank\">IREM<\/a>&nbsp;sur l\u2019Enseignement \u00c9l\u00e9mentaire, est constitu\u00e9e d\u2019une vingtaine de membres issus d\u2019acad\u00e9mies diff\u00e9rentes (voir liste des membres). La plupart d\u2019entre eux sont charg\u00e9s de la formation en math\u00e9matiques et en didactique des math\u00e9matiques des professeurs des \u00e9coles (formation initiale et continue) en INSPE. Tous sont investis dans des recherches en didactique des math\u00e9matiques.<\/p>\n\n\n\n<p>Depuis sa cr\u00e9ation, en 1975, la COPIRELEM a pour double mission&nbsp;:<\/p>\n\n\n\n<ul class=\"wp-block-list\">\n<li>d\u2019une part, de regrouper et centraliser les travaux des diff\u00e9rents groupes \u00e9l\u00e9mentaires des IREM sur l\u2019enseignement des math\u00e9matiques \u00e0 l\u2019\u00e9cole primaire et sur la formation initiale et continue en math\u00e9matiques des enseignants du premier degr\u00e9\u00a0;<\/li>\n\n\n\n<li>d\u2019autre part, d\u2019impulser des recherches sur les points sensibles ou contingents li\u00e9s aux changements institutionnels (programmes, organisation de l\u2019\u00e9cole, formation initiale, etc.).<\/li>\n<\/ul>\n\n\n\n<p><strong>Responsables<\/strong>\u00a0: BILGOT Anne, BILLY Christophe et PETITFOUR Edith<br><a href=\"mailto:resp.copirelem@univ-irem.fr\">responsables@copirelem.fr<\/a><\/p>\n","protected":false},"excerpt":{"rendered":"<p>Commission Permanente des IREM sur l\u2019Enseignement \u00c9l\u00e9mentaire La COPIRELEM, Commission Permanente des&nbsp;IREM&nbsp;sur l\u2019Enseignement \u00c9l\u00e9mentaire, est constitu\u00e9e d\u2019une vingtaine de membres issus d\u2019acad\u00e9mies diff\u00e9rentes (voir liste des membres). La plupart d\u2019entre eux sont charg\u00e9s de la formation en math\u00e9matiques et en didactique des math\u00e9matiques des professeurs des \u00e9coles (formation initiale et continue) en INSPE. Tous sont [&hellip;]<\/p>\n","protected":false},"author":3,"featured_media":0,"parent":0,"menu_order":0,"comment_status":"closed","ping_status":"closed","template":"","meta":{"footnotes":""},"class_list":["post-32","page","type-page","status-publish","hentry"],"jetpack-related-posts":[],"jetpack_sharing_enabled":true,"_links":{"self":[{"href":"https:\/\/www.arpeme.fr\/wordpress\/wp-json\/wp\/v2\/pages\/32","targetHints":{"allow":["GET"]}}],"collection":[{"href":"https:\/\/www.arpeme.fr\/wordpress\/wp-json\/wp\/v2\/pages"}],"about":[{"href":"https:\/\/www.arpeme.fr\/wordpress\/wp-json\/wp\/v2\/types\/page"}],"author":[{"embeddable":true,"href":"https:\/\/www.arpeme.fr\/wordpress\/wp-json\/wp\/v2\/users\/3"}],"replies":[{"embeddable":true,"href":"https:\/\/www.arpeme.fr\/wordpress\/wp-json\/wp\/v2\/comments?post=32"}],"version-history":[{"count":0,"href":"https:\/\/www.arpeme.fr\/wordpress\/wp-json\/wp\/v2\/pages\/32\/revisions"}],"wp:attachment":[{"href":"https:\/\/www.arpeme.fr\/wordpress\/wp-json\/wp\/v2\/media?parent=32"}],"curies":[{"name":"wp","href":"https:\/\/api.w.org\/{rel}","templated":true}]}}