{"id":33,"date":"2021-01-15T18:11:37","date_gmt":"2021-01-15T17:11:37","guid":{"rendered":"https:\/\/www.arpeme.fr\/wordpress\/?page_id=33"},"modified":"2022-11-19T00:36:37","modified_gmt":"2022-11-18T23:36:37","slug":"arpeme","status":"publish","type":"page","link":"https:\/\/www.arpeme.fr\/wordpress\/","title":{"rendered":"ARPEME"},"content":{"rendered":"\n<h4 class=\"wp-block-heading\">Association pour l\u2019\u00e9laboration et la diffusion de&nbsp;Ressources&nbsp;P\u00e9dagogiques sur l\u2019Enseignement des Math\u00e9matiques \u00e0 l\u2019Ecole.<\/h4>\n\n\n\n<p>Cette association a pour but de favoriser le d\u00e9veloppement de la r\u00e9flexion sur l\u2019enseignement des math\u00e9matiques \u00e0 l\u2019\u00e9cole et sur la formation des professeurs \u00e0 l\u2019enseignement des math\u00e9matiques :<\/p>\n\n\n\n<p>\u2013 en aidant \u00e0 la communication d\u2019exp\u00e9riences, \u00e0 la diffusion de documents de formation et de recherche sur l\u2019enseignement des math\u00e9matiques.<\/p>\n\n\n\n<p>\u2013 en apportant un soutien \u00e0 l\u2019organisation de colloques et s\u00e9minaires de r\u00e9flexion rassemblant les formateurs intervenant \u00e0 divers titres dans la formation en math\u00e9matiques des professeurs.<\/p>\n\n\n\n<p>\u2013 en prenant en charge l\u2019\u00e9laboration, l\u2019impression et la diffusion de tous documents utiles pour les formateurs en math\u00e9matiques des professeurs des \u00e9coles : documents p\u00e9dagogiques \u00e9crits et audiovisuels, actes des colloques, compte-rendus de s\u00e9minaires.<\/p>\n\n\n\n<div class=\"wp-block-media-text alignwide is-stacked-on-mobile\"><figure class=\"wp-block-media-text__media\"><img loading=\"lazy\" decoding=\"async\" width=\"1001\" height=\"711\" src=\"https:\/\/www.arpeme.fr\/wordpress\/wp-content\/uploads\/2022\/11\/Video.jpg\" alt=\"\" class=\"wp-image-499 size-full\" srcset=\"https:\/\/www.arpeme.fr\/wordpress\/wp-content\/uploads\/2022\/11\/Video.jpg 1001w, https:\/\/www.arpeme.fr\/wordpress\/wp-content\/uploads\/2022\/11\/Video-300x213.jpg 300w, https:\/\/www.arpeme.fr\/wordpress\/wp-content\/uploads\/2022\/11\/Video-768x546.jpg 768w, https:\/\/www.arpeme.fr\/wordpress\/wp-content\/uploads\/2022\/11\/Video-530x376.jpg 530w\" sizes=\"auto, (max-width: 1001px) 100vw, 1001px\" \/><\/figure><div class=\"wp-block-media-text__content\">\n<h2 class=\"has-text-align-center has-large-font-size wp-block-heading\"><a rel=\"noreferrer noopener\" href=\"http:\/\/tv.arpeme.fr\" target=\"_blank\">http:\/\/tv.arpeme.fr<\/a><\/h2>\n<\/div><\/div>\n\n\n\n<div class=\"wp-block-media-text alignwide is-stacked-on-mobile\" style=\"grid-template-columns:44% auto\"><figure class=\"wp-block-media-text__media\"><a href=\"https:\/\/www.cahiers-pedagogiques.com\/\"><img loading=\"lazy\" decoding=\"async\" width=\"1024\" height=\"366\" src=\"https:\/\/www.arpeme.fr\/wordpress\/wp-content\/uploads\/2022\/11\/Cahiers-Pedagogiques-1-1024x366.jpg\" alt=\"\" class=\"wp-image-501 size-full\" srcset=\"https:\/\/www.arpeme.fr\/wordpress\/wp-content\/uploads\/2022\/11\/Cahiers-Pedagogiques-1-1024x366.jpg 1024w, https:\/\/www.arpeme.fr\/wordpress\/wp-content\/uploads\/2022\/11\/Cahiers-Pedagogiques-1-300x107.jpg 300w, https:\/\/www.arpeme.fr\/wordpress\/wp-content\/uploads\/2022\/11\/Cahiers-Pedagogiques-1-768x274.jpg 768w, https:\/\/www.arpeme.fr\/wordpress\/wp-content\/uploads\/2022\/11\/Cahiers-Pedagogiques-1-1536x549.jpg 1536w, https:\/\/www.arpeme.fr\/wordpress\/wp-content\/uploads\/2022\/11\/Cahiers-Pedagogiques-1-530x189.jpg 530w, https:\/\/www.arpeme.fr\/wordpress\/wp-content\/uploads\/2022\/11\/Cahiers-Pedagogiques-1.jpg 1626w\" sizes=\"auto, (max-width: 1024px) 100vw, 1024px\" \/><\/a><\/figure><div class=\"wp-block-media-text__content\">\n<div class=\"wp-block-group\"><div class=\"wp-block-group__inner-container is-layout-constrained wp-block-group-is-layout-constrained\">\n<figure class=\"wp-block-embed is-type-wp-embed is-provider-les-cahiers-pedagogiques wp-block-embed-les-cahiers-pedagogiques\"><div class=\"wp-block-embed__wrapper\">\n<blockquote class=\"wp-embedded-content\" data-secret=\"7XIoSwonup\"><a href=\"https:\/\/www.cahiers-pedagogiques.com\/\">Changer la soci\u00e9t\u00e9 pour changer l\u2019\u00e9cole, changer l\u2019\u00e9cole pour changer la soci\u00e9t\u00e9<\/a><\/blockquote><iframe loading=\"lazy\" class=\"wp-embedded-content\" sandbox=\"allow-scripts\" security=\"restricted\" style=\"position: absolute; visibility: hidden;\" title=\"\u00ab\u00a0Changer la soci\u00e9t\u00e9 pour changer l\u2019\u00e9cole, changer l\u2019\u00e9cole pour changer la soci\u00e9t\u00e9\u00a0\u00bb &#8212; Les Cahiers p\u00e9dagogiques\" src=\"https:\/\/www.cahiers-pedagogiques.com\/embed\/#?secret=XmfqD2Jp1Z#?secret=7XIoSwonup\" data-secret=\"7XIoSwonup\" width=\"600\" height=\"338\" frameborder=\"0\" marginwidth=\"0\" marginheight=\"0\" scrolling=\"no\"><\/iframe>\n<\/div><\/figure>\n<\/div><\/div>\n\n\n\n<h2 class=\"wp-block-heading\">LE CERCLE DE RECHERCHE ET D\u2019ACTION P\u00c9DAGOGIQUES<\/h2>\n\n\n\n<p><\/p>\n<\/div><\/div>\n","protected":false},"excerpt":{"rendered":"<p>Association pour l\u2019\u00e9laboration et la diffusion de&nbsp;Ressources&nbsp;P\u00e9dagogiques sur l\u2019Enseignement des Math\u00e9matiques \u00e0 l\u2019Ecole. Cette association a pour but de favoriser le d\u00e9veloppement de la r\u00e9flexion sur l\u2019enseignement des math\u00e9matiques \u00e0 l\u2019\u00e9cole et sur la formation des professeurs \u00e0 l\u2019enseignement des math\u00e9matiques : \u2013 en aidant \u00e0 la communication d\u2019exp\u00e9riences, \u00e0 la diffusion de documents de [&hellip;]<\/p>\n","protected":false},"author":3,"featured_media":0,"parent":0,"menu_order":0,"comment_status":"closed","ping_status":"closed","template":"","meta":{"footnotes":""},"class_list":["post-33","page","type-page","status-publish","hentry"],"jetpack-related-posts":[],"jetpack_sharing_enabled":true,"_links":{"self":[{"href":"https:\/\/www.arpeme.fr\/wordpress\/wp-json\/wp\/v2\/pages\/33","targetHints":{"allow":["GET"]}}],"collection":[{"href":"https:\/\/www.arpeme.fr\/wordpress\/wp-json\/wp\/v2\/pages"}],"about":[{"href":"https:\/\/www.arpeme.fr\/wordpress\/wp-json\/wp\/v2\/types\/page"}],"author":[{"embeddable":true,"href":"https:\/\/www.arpeme.fr\/wordpress\/wp-json\/wp\/v2\/users\/3"}],"replies":[{"embeddable":true,"href":"https:\/\/www.arpeme.fr\/wordpress\/wp-json\/wp\/v2\/comments?post=33"}],"version-history":[{"count":0,"href":"https:\/\/www.arpeme.fr\/wordpress\/wp-json\/wp\/v2\/pages\/33\/revisions"}],"wp:attachment":[{"href":"https:\/\/www.arpeme.fr\/wordpress\/wp-json\/wp\/v2\/media?parent=33"}],"curies":[{"name":"wp","href":"https:\/\/api.w.org\/{rel}","templated":true}]}}