{"id":63,"date":"2021-01-15T19:04:00","date_gmt":"2021-01-15T18:04:00","guid":{"rendered":"https:\/\/www.arpeme.fr\/wordpress\/?page_id=63"},"modified":"2025-10-27T14:27:46","modified_gmt":"2025-10-27T13:27:46","slug":"mallette-maternelle","status":"publish","type":"page","link":"https:\/\/www.arpeme.fr\/wordpress\/mallette-maternelle\/","title":{"rendered":"Mallette Maternelle"},"content":{"rendered":"\n<h4 class=\"wp-block-heading has-black-color has-text-color\">La construction du nombre<\/h4>\n\n\n\n<figure class=\"wp-block-embed is-type-video is-provider-dailymotion wp-block-embed-dailymotion wp-embed-aspect-16-9 wp-has-aspect-ratio\"><div class=\"wp-block-embed__wrapper\">\n<iframe loading=\"lazy\" title=\"Pr\u00e9sentation de la mallette Nombre \u00e0 l&#039;\u00e9cole maternelle\" frameborder=\"0\" width=\"980\" height=\"551\" src=\"https:\/\/geo.dailymotion.com\/player.html?video=x7z8iq0&#038;\" allowfullscreen allow=\"autoplay; fullscreen; picture-in-picture; web-share\"><\/iframe>\n<\/div><\/figure>\n\n\n\n<div class=\"wp-block-columns is-layout-flex wp-container-core-columns-is-layout-28f84493 wp-block-columns-is-layout-flex\">\n<div class=\"wp-block-column is-layout-flow wp-block-column-is-layout-flow\" style=\"flex-basis:50%\">\n<p><a href=\"https:\/\/www.arpeme.fr\/wordpress\/presentation-du-projet-mallette-maternelle\/\" data-type=\"URL\" data-id=\"https:\/\/www.arpeme.fr\/wordpress\/presentation-du-projet-mallette-maternelle\/\">Pr\u00e9sentation du projet<\/a><\/p>\n<\/div>\n\n\n\n<div class=\"wp-block-column is-layout-flow wp-block-column-is-layout-flow\"><\/div>\n\n\n\n<div class=\"wp-block-column is-layout-flow wp-block-column-is-layout-flow\" style=\"flex-basis:50%\">\n<p class=\"has-text-align-right\"><a href=\"https:\/\/www.arpeme.fr\/wordpress\/aspects-techniques\/\" data-type=\"URL\" data-id=\"https:\/\/www.arpeme.fr\/wordpress\/aspects-techniques\/\">Aspects techniques<\/a><\/p>\n<\/div>\n<\/div>\n\n\n\n<h3 class=\"wp-block-heading has-huge-font-size\"><strong>Cartes mentales \u00e0 t\u00e9l\u00e9charger<\/strong><\/h3>\n\n\n\n<p class=\"has-medium-font-size\">Leur lecture n\u00e9cessite un logiciel sp\u00e9cifique gratuit <a href=\"https:\/\/xmind.fr.softonic.com\/\" data-type=\"URL\" data-id=\"https:\/\/www.xmind.net\/fr\/download\/xmind8\/\">\u00e0 t\u00e9l\u00e9charger ici<\/a> (<mark style=\"background-color:rgba(0, 0, 0, 0)\" class=\"has-inline-color has-light-green-cyan-color\"><strong>attention \u00e0 ne pas t\u00e9l\u00e9charger une version plus r\u00e9cente que Xmind 8 !<\/strong><\/mark>).<\/p>\n\n\n\n<h2 class=\"wp-block-heading\"><strong><a href=\"https:\/\/drive.google.com\/file\/d\/15pgbjsgVQFQ0TKrAlp5F1YjTCLi5Z65w\/view?usp=sharing\"><mark style=\"background-color:rgba(0, 0, 0, 0)\" class=\"has-inline-color has-vivid-cyan-blue-color\">T\u00e9l\u00e9chargement de la version 8 pour Windows ICI !<\/mark><\/a><\/strong><\/h2>\n\n\n\n<p class=\"has-text-align-justify has-medium-font-size\">Une fois tous les fichiers ci-dessous t\u00e9l\u00e9charg\u00e9s dans un m\u00eame dossier,<strong> <mark style=\"background-color:rgba(0, 0, 0, 0)\" class=\"has-inline-color has-light-green-cyan-color\">ouvrez d&rsquo;abord la carte mentale Le nombre \u00e0 l&rsquo;\u00e9cole maternelle<\/mark><\/strong> par laquelle vous pourrez acc\u00e9der directement aux cartes mentales des diverses situations propos\u00e9es dans la ressource.<\/p>\n\n\n\n<ul class=\"wp-block-list has-black-color has-text-color\">\n<li><a href=\"https:\/\/www.arpeme.fr\/m2ep\/documents\/Le_nombre_a_l_ecole_maternelle.xmind\">Le nombre \u00e0 l&rsquo;\u00e9cole maternelle&nbsp;<\/a>(f\u00e9vrier 2020 &#8211; 7 Mo)<\/li>\n\n\n\n<li><a href=\"http:\/\/www.arpeme.fr\/m2ep\/documents\/Pourquoi_enseigner_le_nombre_a_l_ecole_maternelle.pdf\">Pourquoi enseigner le nombre \u00e0 la maternelle ?<\/a>&nbsp;(document annexe, au format pdf)<\/li>\n\n\n\n<li><a rel=\"noreferrer noopener\" href=\"https:\/\/hidrive.ionos.com\/share\/0oykvin9q9\" target=\"_blank\">D\u00e9composition des premiers nombres<\/a>&nbsp;(f\u00e9vrier 2021 &#8211; 230 Mo &#8211; ATTENTION! Ce fichier lourd se t\u00e9l\u00e9charge sur un site externe)<\/li>\n\n\n\n<li><a href=\"https:\/\/www.arpeme.fr\/m2ep\/documents\/Bus.xmind\" data-type=\"URL\" data-id=\"https:\/\/www.arpeme.fr\/m2ep\/documents\/Bus.xmind\">Le bus<\/a>&nbsp;(170 Mo)<\/li>\n\n\n\n<li><a href=\"https:\/\/www.arpeme.fr\/m2ep\/documents\/Voitures%20et%20garages%20TICE.xmind\" data-type=\"URL\" data-id=\"https:\/\/www.arpeme.fr\/m2ep\/documents\/Voitures%20et%20garages%20TICE.xmind\">Voitures et garages<\/a>&nbsp;(Nouvelle version avec FlashPlayer &#8211; octobre 2022 &#8211; 18,4 Mo)<\/li>\n\n\n\n<li><a href=\"https:\/\/www.arpeme.fr\/m2ep\/documents\/Jeu_de_lordre.xmind\" data-type=\"URL\" data-id=\"https:\/\/www.arpeme.fr\/m2ep\/documents\/Jeu_de_lordre.xmind\">Jeu de l&rsquo;ordre<\/a>&nbsp;(mai 2019 &#8211; avec mat\u00e9riel \u00e0 imprimer propos\u00e9 par le p\u00f4le maternelle 37 &#8211; 19,7 Mo)<\/li>\n\n\n\n<li><a href=\"https:\/\/www.arpeme.fr\/m2ep\/documents\/Train%20des%20lapins%20TICE.xmind\" data-type=\"URL\" data-id=\"https:\/\/www.arpeme.fr\/m2ep\/documents\/Train%20des%20lapins%20TICE.xmind\">Le train des lapins<\/a>&nbsp;(Nouvelle version avec FlashPlayer &#8211; octobre 2022 &#8211; 18,7 Mo)<\/li>\n\n\n\n<li><a href=\"https:\/\/www.arpeme.fr\/m2ep\/documents\/Les_graines.xmind\" data-type=\"URL\" data-id=\"https:\/\/www.arpeme.fr\/m2ep\/documents\/Les_graines.xmind\">Les graines<\/a>&nbsp;(7,4 Mo)<\/li>\n\n\n\n<li><a href=\"https:\/\/www.arpeme.fr\/m2ep\/documents\/Les_trois_camps.xmind\" data-type=\"URL\" data-id=\"https:\/\/www.arpeme.fr\/m2ep\/documents\/Les_trois_camps.xmind\">Les trois camps<\/a>&nbsp;(6,8 Mo)<\/li>\n\n\n\n<li><a href=\"https:\/\/www.arpeme.fr\/m2ep\/documents\/Les_ogres.xmind\" data-type=\"URL\" data-id=\"https:\/\/www.arpeme.fr\/m2ep\/documents\/Les_ogres.xmind\">Les ogres<\/a>&nbsp;(Version remani\u00e9e &#8211; mars 2021 &#8211; avec films \u00e9cole Aygalades Oasis, REP+ Marseille 12 + r\u00e9organisation des fichiers \u00ab\u00a0mat\u00e9riel\u00a0\u00bb &#8211; 92,5 Mo)<\/li>\n\n\n\n<li><a href=\"https:\/\/www.arpeme.fr\/m2ep\/documents\/Les_vaches.xmind\" data-type=\"URL\" data-id=\"https:\/\/www.arpeme.fr\/m2ep\/documents\/Les_vaches.xmind\">Les vaches<\/a>&nbsp;(73 Mo)<\/li>\n\n\n\n<li><a href=\"https:\/\/www.arpeme.fr\/m2ep\/documents\/Jetons_voyageurs.xmind\" data-type=\"URL\" data-id=\"https:\/\/www.arpeme.fr\/m2ep\/documents\/Jetons_voyageurs.xmind\">Jetons voyageurs<\/a>&nbsp;(203 Mo)<\/li>\n\n\n\n<li><a href=\"https:\/\/www.arpeme.fr\/m2ep\/documents\/Dire_Lire_Ecrire.xmind\" data-type=\"URL\" data-id=\"https:\/\/www.arpeme.fr\/m2ep\/documents\/Dire_Lire_Ecrire.xmind\">Dire, lire et \u00e9crire le nombre<\/a>&nbsp;(5 Mo)<\/li>\n\n\n\n<li><a href=\"https:\/\/www.arpeme.fr\/m2ep\/documents\/Cartes.xmind\" data-type=\"URL\" data-id=\"https:\/\/www.arpeme.fr\/m2ep\/documents\/Cartes.xmind\">Les cartes<\/a>&nbsp;(37,5 Mo)<\/li>\n\n\n\n<li><a href=\"https:\/\/www.arpeme.fr\/m2ep\/documents\/Faites_la_queue.xmind\" data-type=\"URL\" data-id=\"https:\/\/www.arpeme.fr\/m2ep\/documents\/Faites_la_queue.xmind\">Faites la queue<\/a>&nbsp;(4,6 Mo)<\/li>\n\n\n\n<li><a href=\"https:\/\/www.arpeme.fr\/m2ep\/documents\/Evaluer_les_competences_sur_le_nombre.xmind\" data-type=\"URL\" data-id=\"https:\/\/www.arpeme.fr\/m2ep\/documents\/Evaluer_les_competences_sur_le_nombre.xmind\">\u00c9valuer les comp\u00e9tences sur le nombre<\/a>&nbsp;(d\u00e9cembre 2017 &#8211; 107,5 Mo)<\/li>\n<\/ul>\n\n\n<div class=\"wp-block-image\">\n<figure class=\"alignright size-large is-resized\"><img loading=\"lazy\" decoding=\"async\" width=\"110\" height=\"106\" src=\"https:\/\/www.arpeme.fr\/wordpress\/wp-content\/uploads\/2021\/01\/logo_cread_ife.jpg\" alt=\"\" class=\"wp-image-64\" style=\"width:117px;height:112px\"\/><\/figure>\n<\/div>\n\n<div class=\"wp-block-image\">\n<figure class=\"alignleft size-large is-resized\"><a href=\"http:\/\/www.copirelem.fr\/\"><img loading=\"lazy\" decoding=\"async\" width=\"140\" height=\"88\" src=\"https:\/\/www.arpeme.fr\/wordpress\/wp-content\/uploads\/2021\/01\/logo_copi.jpg\" alt=\"\" class=\"wp-image-65\" style=\"width:164px;height:103px\"\/><\/a><\/figure>\n<\/div>\n\n\n<p><\/p>\n","protected":false},"excerpt":{"rendered":"<p>La construction du nombre Pr\u00e9sentation du projet Aspects techniques Cartes mentales \u00e0 t\u00e9l\u00e9charger Leur lecture n\u00e9cessite un logiciel sp\u00e9cifique gratuit \u00e0 t\u00e9l\u00e9charger ici (attention \u00e0 ne pas t\u00e9l\u00e9charger une version plus r\u00e9cente que Xmind 8 !). T\u00e9l\u00e9chargement de la version 8 pour Windows ICI ! Une fois tous les fichiers ci-dessous t\u00e9l\u00e9charg\u00e9s dans un m\u00eame [&hellip;]<\/p>\n","protected":false},"author":3,"featured_media":0,"parent":0,"menu_order":0,"comment_status":"closed","ping_status":"closed","template":"","meta":{"footnotes":""},"class_list":["post-63","page","type-page","status-publish","hentry"],"jetpack-related-posts":[],"jetpack_sharing_enabled":true,"_links":{"self":[{"href":"https:\/\/www.arpeme.fr\/wordpress\/wp-json\/wp\/v2\/pages\/63","targetHints":{"allow":["GET"]}}],"collection":[{"href":"https:\/\/www.arpeme.fr\/wordpress\/wp-json\/wp\/v2\/pages"}],"about":[{"href":"https:\/\/www.arpeme.fr\/wordpress\/wp-json\/wp\/v2\/types\/page"}],"author":[{"embeddable":true,"href":"https:\/\/www.arpeme.fr\/wordpress\/wp-json\/wp\/v2\/users\/3"}],"replies":[{"embeddable":true,"href":"https:\/\/www.arpeme.fr\/wordpress\/wp-json\/wp\/v2\/comments?post=63"}],"version-history":[{"count":0,"href":"https:\/\/www.arpeme.fr\/wordpress\/wp-json\/wp\/v2\/pages\/63\/revisions"}],"wp:attachment":[{"href":"https:\/\/www.arpeme.fr\/wordpress\/wp-json\/wp\/v2\/media?parent=63"}],"curies":[{"name":"wp","href":"https:\/\/api.w.org\/{rel}","templated":true}]}}