{"id":1346,"date":"2023-06-24T14:49:06","date_gmt":"2023-06-24T12:49:06","guid":{"rendered":"https:\/\/www.arpeme.fr\/wordpress\/?post_type=product&#038;p=1346"},"modified":"2023-06-26T15:02:31","modified_gmt":"2023-06-26T13:02:31","slug":"actes-du-colloque-de-lausanne-version-numerique","status":"publish","type":"product","link":"https:\/\/www.arpeme.fr\/wordpress\/produit\/actes-du-colloque-de-lausanne-version-numerique\/","title":{"rendered":"Actes du colloque de Blois (version num\u00e9rique)"},"content":{"rendered":"<p>Ce document contient l&rsquo;int\u00e9gralit\u00e9 des textes des conf\u00e9rences, comptes-rendus d&rsquo;ateliers et communications du 45e colloque COPIRELEM de Blois 2018.<\/p>\n","protected":false},"excerpt":{"rendered":"<p>Actes du 45e colloque COPIRELEM, Blois 2018<\/p>\n","protected":false},"featured_media":1351,"comment_status":"open","ping_status":"closed","template":"","meta":[],"product_brand":[],"product_cat":[63],"product_tag":[],"class_list":{"0":"post-1346","1":"product","2":"type-product","3":"status-publish","4":"has-post-thumbnail","6":"product_cat-actes-des-colloques-copirelem","8":"first","9":"instock","10":"downloadable","11":"virtual","12":"purchasable","13":"product-type-simple"},"jetpack-related-posts":[],"jetpack_sharing_enabled":true,"_links":{"self":[{"href":"https:\/\/www.arpeme.fr\/wordpress\/wp-json\/wp\/v2\/product\/1346","targetHints":{"allow":["GET"]}}],"collection":[{"href":"https:\/\/www.arpeme.fr\/wordpress\/wp-json\/wp\/v2\/product"}],"about":[{"href":"https:\/\/www.arpeme.fr\/wordpress\/wp-json\/wp\/v2\/types\/product"}],"replies":[{"embeddable":true,"href":"https:\/\/www.arpeme.fr\/wordpress\/wp-json\/wp\/v2\/comments?post=1346"}],"wp:featuredmedia":[{"embeddable":true,"href":"https:\/\/www.arpeme.fr\/wordpress\/wp-json\/wp\/v2\/media\/1351"}],"wp:attachment":[{"href":"https:\/\/www.arpeme.fr\/wordpress\/wp-json\/wp\/v2\/media?parent=1346"}],"wp:term":[{"taxonomy":"product_brand","embeddable":true,"href":"https:\/\/www.arpeme.fr\/wordpress\/wp-json\/wp\/v2\/product_brand?post=1346"},{"taxonomy":"product_cat","embeddable":true,"href":"https:\/\/www.arpeme.fr\/wordpress\/wp-json\/wp\/v2\/product_cat?post=1346"},{"taxonomy":"product_tag","embeddable":true,"href":"https:\/\/www.arpeme.fr\/wordpress\/wp-json\/wp\/v2\/product_tag?post=1346"}],"curies":[{"name":"wp","href":"https:\/\/api.w.org\/{rel}","templated":true}]}}