{"id":1386,"date":"2023-06-30T09:41:52","date_gmt":"2023-06-30T07:41:52","guid":{"rendered":"https:\/\/www.arpeme.fr\/wordpress\/?post_type=product&#038;p=1386"},"modified":"2025-06-05T13:50:13","modified_gmt":"2025-06-05T11:50:13","slug":"document-cadre-pour-la-formation-des-professeurs-des-ecoles-a-lenseignement-des-mathematiques","status":"publish","type":"product","link":"https:\/\/www.arpeme.fr\/wordpress\/produit\/document-cadre-pour-la-formation-des-professeurs-des-ecoles-a-lenseignement-des-mathematiques\/","title":{"rendered":"Document-cadre pour la formation des professeurs des \u00e9coles \u00e0 l&rsquo;enseignement des math\u00e9matiques"},"content":{"rendered":"<p>Version 4 du 17\/03\/2025<\/p>\n<p>Ouvrage gratuit hors frais d&rsquo;exp\u00e9dition<\/p>\n","protected":false},"excerpt":{"rendered":"<p>Version 4 du 17\/03\/2025 Ouvrage gratuit hors frais d&rsquo;exp\u00e9dition<\/p>\n","protected":false},"featured_media":3661,"comment_status":"open","ping_status":"closed","template":"","meta":[],"product_brand":[],"product_cat":[60,19],"product_tag":[],"class_list":{"0":"post-1386","1":"product","2":"type-product","3":"status-publish","4":"has-post-thumbnail","6":"product_cat-brochures","7":"product_cat-brochures-et-materiel","9":"first","10":"instock","11":"sale","12":"purchasable","13":"product-type-simple"},"jetpack-related-posts":[],"jetpack_sharing_enabled":true,"_links":{"self":[{"href":"https:\/\/www.arpeme.fr\/wordpress\/wp-json\/wp\/v2\/product\/1386","targetHints":{"allow":["GET"]}}],"collection":[{"href":"https:\/\/www.arpeme.fr\/wordpress\/wp-json\/wp\/v2\/product"}],"about":[{"href":"https:\/\/www.arpeme.fr\/wordpress\/wp-json\/wp\/v2\/types\/product"}],"replies":[{"embeddable":true,"href":"https:\/\/www.arpeme.fr\/wordpress\/wp-json\/wp\/v2\/comments?post=1386"}],"wp:featuredmedia":[{"embeddable":true,"href":"https:\/\/www.arpeme.fr\/wordpress\/wp-json\/wp\/v2\/media\/3661"}],"wp:attachment":[{"href":"https:\/\/www.arpeme.fr\/wordpress\/wp-json\/wp\/v2\/media?parent=1386"}],"wp:term":[{"taxonomy":"product_brand","embeddable":true,"href":"https:\/\/www.arpeme.fr\/wordpress\/wp-json\/wp\/v2\/product_brand?post=1386"},{"taxonomy":"product_cat","embeddable":true,"href":"https:\/\/www.arpeme.fr\/wordpress\/wp-json\/wp\/v2\/product_cat?post=1386"},{"taxonomy":"product_tag","embeddable":true,"href":"https:\/\/www.arpeme.fr\/wordpress\/wp-json\/wp\/v2\/product_tag?post=1386"}],"curies":[{"name":"wp","href":"https:\/\/api.w.org\/{rel}","templated":true}]}}