{"id":153,"date":"2022-11-18T09:49:17","date_gmt":"2022-11-18T08:49:17","guid":{"rendered":"https:\/\/www.arpeme.fr\/wordpress\/?post_type=product&#038;p=153"},"modified":"2025-09-15T11:16:59","modified_gmt":"2025-09-15T09:16:59","slug":"annales-2021-pour-preparer-le-crpe-2022","status":"publish","type":"product","link":"https:\/\/www.arpeme.fr\/wordpress\/produit\/annales-2021-pour-preparer-le-crpe-2022\/","title":{"rendered":"Annales COPIRELEM pour pr\u00e9parer le CRPE 2022 (Tarif vente directe aux \u00e9tudiants)"},"content":{"rendered":"<p>Annales COPIRELEM pour pr\u00e9parer le CRPE 2022 + Exercices compl\u00e9mentaires avec corrig\u00e9s issus des concours blancs et examens des INSP\u00c9 + Exemples de sujets corrig\u00e9s pour <strong>pr\u00e9parer l&rsquo;\u00e9preuve orale du CRPE<\/strong> <a href=\"http:\/\/www.copirelem.fr\/\" target=\"_blank\" rel=\"noopener\"><img loading=\"lazy\" decoding=\"async\" class=\"wp-image-26 aligncenter\" src=\"https:\/\/www.arpeme.fr\/wordpress\/wp-content\/uploads\/2021\/01\/logo-copi.jpg.bmp\" alt=\"\" width=\"172\" height=\"108\" \/><\/a><\/p>\n","protected":false},"excerpt":{"rendered":"<p>Annales COPIRELEM pour pr\u00e9parer le CRPE 2022<\/p>\n<p>+<\/p>\n<p>Exercices compl\u00e9mentaires avec corrig\u00e9s issus des concours blancs et examens des INSP\u00c9<br \/>\n+<br \/>\nExemples de sujets corrig\u00e9s pour <strong>pr\u00e9parer l&rsquo;\u00e9preuve orale du CRPE<\/strong><\/p>\n<p><a href=\"http:\/\/www.copirelem.fr\/\" target=\"_blank\" rel=\"noopener\"><img loading=\"lazy\" decoding=\"async\" class=\"alignnone wp-image-26\" src=\"https:\/\/www.arpeme.fr\/wordpress\/wp-content\/uploads\/2021\/01\/logo-copi.jpg.bmp\" alt=\"\" width=\"172\" height=\"108\" \/><\/a><\/p>\n","protected":false},"featured_media":475,"comment_status":"open","ping_status":"closed","template":"","meta":[],"product_brand":[],"product_cat":[16,18],"product_tag":[],"class_list":{"0":"post-153","1":"product","2":"type-product","3":"status-publish","4":"has-post-thumbnail","6":"product_cat-annales-du-crpe","7":"product_cat-annales-disponibles-a-la-commande","8":"product_shipping_class-1vol-lv","10":"first","11":"instock","12":"sale","13":"featured","14":"shipping-taxable","15":"purchasable","16":"product-type-simple"},"jetpack-related-posts":[],"jetpack_sharing_enabled":true,"_links":{"self":[{"href":"https:\/\/www.arpeme.fr\/wordpress\/wp-json\/wp\/v2\/product\/153","targetHints":{"allow":["GET"]}}],"collection":[{"href":"https:\/\/www.arpeme.fr\/wordpress\/wp-json\/wp\/v2\/product"}],"about":[{"href":"https:\/\/www.arpeme.fr\/wordpress\/wp-json\/wp\/v2\/types\/product"}],"replies":[{"embeddable":true,"href":"https:\/\/www.arpeme.fr\/wordpress\/wp-json\/wp\/v2\/comments?post=153"}],"wp:featuredmedia":[{"embeddable":true,"href":"https:\/\/www.arpeme.fr\/wordpress\/wp-json\/wp\/v2\/media\/475"}],"wp:attachment":[{"href":"https:\/\/www.arpeme.fr\/wordpress\/wp-json\/wp\/v2\/media?parent=153"}],"wp:term":[{"taxonomy":"product_brand","embeddable":true,"href":"https:\/\/www.arpeme.fr\/wordpress\/wp-json\/wp\/v2\/product_brand?post=153"},{"taxonomy":"product_cat","embeddable":true,"href":"https:\/\/www.arpeme.fr\/wordpress\/wp-json\/wp\/v2\/product_cat?post=153"},{"taxonomy":"product_tag","embeddable":true,"href":"https:\/\/www.arpeme.fr\/wordpress\/wp-json\/wp\/v2\/product_tag?post=153"}],"curies":[{"name":"wp","href":"https:\/\/api.w.org\/{rel}","templated":true}]}}