{"id":154,"date":"2022-05-10T13:41:15","date_gmt":"2022-05-10T11:41:15","guid":{"rendered":"https:\/\/www.arpeme.fr\/wordpress\/?post_type=product&#038;p=154"},"modified":"2025-10-06T14:07:28","modified_gmt":"2025-10-06T12:07:28","slug":"passerelles","status":"publish","type":"product","link":"https:\/\/www.arpeme.fr\/wordpress\/produit\/passerelles\/","title":{"rendered":"Passerelles (r\u00e9\u00e9dition 2025)"},"content":{"rendered":"<h2 style=\"text-align: center;\"><a href=\"https:\/\/www.univ-irem.fr\/spip.php?rubrique505\">Pr\u00e9sentation<\/a><\/h2>\n","protected":false},"excerpt":{"rendered":"<h2 style=\"text-align: center;\">Enseigner les math\u00e9matiques par leur histoire au cycle 3<br \/>\nUn document de la Commission inter-IREM \u00ab\u00a0\u00e9pist\u00e9mologie et histoire\u00a0\u00bb<\/h2>\n<p style=\"text-align: center;\"><img loading=\"lazy\" decoding=\"async\" class=\"size-full wp-image-157 aligncenter\" src=\"https:\/\/www.arpeme.fr\/wordpress\/wp-content\/uploads\/2022\/01\/logo_irem.png\" alt=\"logo irem\" width=\"155\" height=\"79\" \/><\/p>\n<h3 style=\"text-align: center;\">Prix du livre d&rsquo;enseignement scientifique 2019 d\u00e9cern\u00e9 par l&rsquo;Acad\u00e9mie des Sciences<\/h3>\n<p style=\"text-align: center;\"><a href=\"https:\/\/www.univ-irem.fr\/spip.php?rubrique505\">PRESENTATION<\/a><\/p>\n<p>&nbsp;<\/p>\n","protected":false},"featured_media":3667,"comment_status":"open","ping_status":"closed","template":"","meta":[],"product_brand":[],"product_cat":[60,19],"product_tag":[29,28],"class_list":{"0":"post-154","1":"product","2":"type-product","3":"status-publish","4":"has-post-thumbnail","6":"product_cat-brochures","7":"product_cat-brochures-et-materiel","8":"product_tag-cycle-3","9":"product_tag-histoire-des-mathematiques","11":"first","12":"instock","13":"shipping-taxable","14":"purchasable","15":"product-type-simple"},"jetpack-related-posts":[],"jetpack_sharing_enabled":true,"_links":{"self":[{"href":"https:\/\/www.arpeme.fr\/wordpress\/wp-json\/wp\/v2\/product\/154","targetHints":{"allow":["GET"]}}],"collection":[{"href":"https:\/\/www.arpeme.fr\/wordpress\/wp-json\/wp\/v2\/product"}],"about":[{"href":"https:\/\/www.arpeme.fr\/wordpress\/wp-json\/wp\/v2\/types\/product"}],"replies":[{"embeddable":true,"href":"https:\/\/www.arpeme.fr\/wordpress\/wp-json\/wp\/v2\/comments?post=154"}],"wp:featuredmedia":[{"embeddable":true,"href":"https:\/\/www.arpeme.fr\/wordpress\/wp-json\/wp\/v2\/media\/3667"}],"wp:attachment":[{"href":"https:\/\/www.arpeme.fr\/wordpress\/wp-json\/wp\/v2\/media?parent=154"}],"wp:term":[{"taxonomy":"product_brand","embeddable":true,"href":"https:\/\/www.arpeme.fr\/wordpress\/wp-json\/wp\/v2\/product_brand?post=154"},{"taxonomy":"product_cat","embeddable":true,"href":"https:\/\/www.arpeme.fr\/wordpress\/wp-json\/wp\/v2\/product_cat?post=154"},{"taxonomy":"product_tag","embeddable":true,"href":"https:\/\/www.arpeme.fr\/wordpress\/wp-json\/wp\/v2\/product_tag?post=154"}],"curies":[{"name":"wp","href":"https:\/\/api.w.org\/{rel}","templated":true}]}}