{"id":174,"date":"2022-05-09T15:43:02","date_gmt":"2022-05-09T13:43:02","guid":{"rendered":"https:\/\/www.arpeme.fr\/wordpress\/?post_type=product&#038;p=174"},"modified":"2026-02-19T11:42:47","modified_gmt":"2026-02-19T10:42:47","slug":"numeration-a-lecole-primaire-un-scenario-de-formation","status":"publish","type":"product","link":"https:\/\/www.arpeme.fr\/wordpress\/produit\/numeration-a-lecole-primaire-un-scenario-de-formation\/","title":{"rendered":"Num\u00e9ration \u00e0 l&rsquo;\u00e9cole primaire Un sc\u00e9nario de formation"},"content":{"rendered":"<h2 style=\"text-align: center;\"><a href=\"https:\/\/www.arpeme.fr\/wordpress\/wp-content\/uploads\/2022\/01\/COPIX_4eme_couv.pdf\">PRESENTATION COPIX<\/a><\/h2>\n<h2 style=\"text-align: center;\"><a href=\"https:\/\/www.arpeme.fr\/wordpress\/wp-content\/uploads\/2022\/01\/COPIX_Sommaire.pdf\">Sommaire<\/a><\/h2>\n<p>&nbsp;<\/p>\n","protected":false},"excerpt":{"rendered":"<h2 style=\"text-align: center;\"><strong>Ressources et formation<br \/>\nUn document de la<\/strong><\/h2>\n<h2 style=\"text-align: center;\"><strong>COPIRELEM<\/strong><\/h2>\n<p><img loading=\"lazy\" decoding=\"async\" class=\"size-full wp-image-159 aligncenter\" src=\"https:\/\/www.arpeme.fr\/wordpress\/wp-content\/uploads\/2022\/01\/logo_copi.png\" alt=\"lOGO copi\" width=\"140\" height=\"88\" \/><\/p>\n<h4 style=\"text-align: center;\"><a href=\"https:\/\/www.arpeme.fr\/wordpress\/produit\/numeration-a-lecole-primaire-ressources-a-telecharger\/\" target=\"_blank\" rel=\"noopener\">Compl\u00e9ments \u00e0 t\u00e9l\u00e9charger<\/a><\/h4>\n","protected":false},"featured_media":175,"comment_status":"open","ping_status":"closed","template":"","meta":[],"product_brand":[],"product_cat":[60,19],"product_tag":[34,31,38],"class_list":{"0":"post-174","1":"product","2":"type-product","3":"status-publish","4":"has-post-thumbnail","6":"product_cat-brochures","7":"product_cat-brochures-et-materiel","8":"product_tag-numeration","9":"product_tag-ressources","10":"product_tag-scenario-de-formation","12":"first","13":"instock","14":"shipping-taxable","15":"purchasable","16":"product-type-simple"},"jetpack-related-posts":[],"jetpack_sharing_enabled":true,"_links":{"self":[{"href":"https:\/\/www.arpeme.fr\/wordpress\/wp-json\/wp\/v2\/product\/174","targetHints":{"allow":["GET"]}}],"collection":[{"href":"https:\/\/www.arpeme.fr\/wordpress\/wp-json\/wp\/v2\/product"}],"about":[{"href":"https:\/\/www.arpeme.fr\/wordpress\/wp-json\/wp\/v2\/types\/product"}],"replies":[{"embeddable":true,"href":"https:\/\/www.arpeme.fr\/wordpress\/wp-json\/wp\/v2\/comments?post=174"}],"wp:featuredmedia":[{"embeddable":true,"href":"https:\/\/www.arpeme.fr\/wordpress\/wp-json\/wp\/v2\/media\/175"}],"wp:attachment":[{"href":"https:\/\/www.arpeme.fr\/wordpress\/wp-json\/wp\/v2\/media?parent=174"}],"wp:term":[{"taxonomy":"product_brand","embeddable":true,"href":"https:\/\/www.arpeme.fr\/wordpress\/wp-json\/wp\/v2\/product_brand?post=174"},{"taxonomy":"product_cat","embeddable":true,"href":"https:\/\/www.arpeme.fr\/wordpress\/wp-json\/wp\/v2\/product_cat?post=174"},{"taxonomy":"product_tag","embeddable":true,"href":"https:\/\/www.arpeme.fr\/wordpress\/wp-json\/wp\/v2\/product_tag?post=174"}],"curies":[{"name":"wp","href":"https:\/\/api.w.org\/{rel}","templated":true}]}}