{"id":179,"date":"2022-05-09T14:46:18","date_gmt":"2022-05-09T12:46:18","guid":{"rendered":"https:\/\/www.arpeme.fr\/wordpress\/?post_type=product&#038;p=179"},"modified":"2023-01-11T09:11:00","modified_gmt":"2023-01-11T08:11:00","slug":"numeration-a-lecole-primaire-ressources-a-telecharger","status":"publish","type":"product","link":"https:\/\/www.arpeme.fr\/wordpress\/produit\/numeration-a-lecole-primaire-ressources-a-telecharger\/","title":{"rendered":"NUMERATION A L&rsquo;ECOLE PRIMAIRE Compl\u00e9ments \u00e0 t\u00e9l\u00e9charger"},"content":{"rendered":"<h2 style=\"text-align: center;\"><a href=\"https:\/\/www.arpeme.fr\/wordpress\/produit\/numeration-a-lecole-primaire-ressources-a-telecharger\/\">BROCHURE<\/a><\/h2>\n<table border=\"2\" width=\"100%\">\n<tbody>\n<tr>\n<td width=\"5%\">\n<h2>Page<\/h2>\n<\/td>\n<td width=\"30%\">\n<h2>Annexe<\/h2>\n<\/td>\n<td width=\"45%\">\n<h2>Miniature<\/h2>\n<\/td>\n<td width=\"20%\">\n<h2>Fichiers<\/h2>\n<\/td>\n<\/tr>\n<tr>\n<td>10<\/td>\n<td>Tableau r\u00e9capitulatif<br \/>\ndes nombres dans la<br \/>\nnum\u00e9ration COPIX<\/td>\n<td><img loading=\"lazy\" decoding=\"async\" src=\"https:\/\/www.arpeme.fr\/images\/COPIX_tableau2.PNG\" width=\"250\" height=\"178\" \/><\/td>\n<td><a href=\"https:\/\/www.arpeme.fr\/wordpress\/wp-content\/uploads\/2022\/01\/COPIX_tableau_nombres.pdf\">Fichier pd<\/a><a href=\"https:\/\/www.arpeme.fr\/documents\/COPIX_tableau_nombres.pdf\" target=\"_blank\" rel=\"noopener\">f<\/a><\/p>\n<p><a href=\"https:\/\/www.arpeme.fr\/wordpress\/wp-content\/uploads\/2022\/01\/COPIX_tableau_nombres.docx\">Fichier docx<\/a><\/p>\n<p><a href=\"https:\/\/www.arpeme.fr\/wordpress\/wp-content\/uploads\/2022\/01\/COPIX_tableau_nombres.odt\">Fichier odt<\/a><\/td>\n<\/tr>\n<tr>\n<td>17<\/td>\n<td>Annexe 2.1 : bande<br \/>\nnum\u00e9rique COPIX<\/td>\n<td><img loading=\"lazy\" decoding=\"async\" src=\"https:\/\/www.arpeme.fr\/images\/COPIX_bande.PNG\" width=\"228\" height=\"132\" \/><\/td>\n<td><a href=\"https:\/\/www.arpeme.fr\/wordpress\/wp-content\/uploads\/2022\/01\/COPIX_frise_bandes_tableaux.xls\">Fichier xls<\/a><\/p>\n<p><a href=\"https:\/\/www.arpeme.fr\/wordpress\/wp-content\/uploads\/2022\/01\/COPIX_frise_bandes_tableaux.ods\">Fichier ods<\/a><\/p>\n<p>(choisir l&rsquo;onglet dans le tableur)<\/td>\n<\/tr>\n<tr>\n<td>18<\/td>\n<td>Annexe 2.2 : quels<br \/>\nsont les nombres<br \/>\nmanquants ?<\/td>\n<td><img loading=\"lazy\" decoding=\"async\" src=\"https:\/\/www.arpeme.fr\/images\/COPIX_nombres_manquants.png\" width=\"233\" height=\"131\" \/><\/td>\n<td><a href=\"https:\/\/www.arpeme.fr\/wordpress\/wp-content\/uploads\/2022\/01\/COPIX_nombres_manquants.pdf\">Fichier pdf<\/a><\/p>\n<p><a href=\"https:\/\/www.arpeme.fr\/wordpress\/wp-content\/uploads\/2022\/01\/COPIX_nombres_manquants.docx\">Fichier docx<\/a><\/p>\n<p><a style=\"font-family: inherit; font-size: inherit;\" href=\"https:\/\/www.arpeme.fr\/wordpress\/wp-content\/uploads\/2022\/01\/COPIX_nombres_manquants.odt\">Fichier odt<\/a><\/td>\n<\/tr>\n<tr>\n<td height=\"209\">18<\/td>\n<td>Annexe 2.3 :<br \/>\ntableaux<br \/>\nde nombres<\/td>\n<td><img loading=\"lazy\" decoding=\"async\" src=\"https:\/\/www.arpeme.fr\/images\/COPIX_tableau_nombres_2.PNG\" width=\"224\" height=\"216\" \/><\/td>\n<td>M\u00eame fichier que<br \/>\nl&rsquo;annexe 2.1 (choisir l&rsquo;onglet dans le tableur)<\/td>\n<\/tr>\n<tr>\n<td>29<\/td>\n<td>Annexe 3.a :<br \/>\npremier<br \/>\nbon de commande<\/td>\n<td><img loading=\"lazy\" decoding=\"async\" src=\"https:\/\/www.arpeme.fr\/images\/COPIX_premier_bon_commande.PNG\" width=\"241\" height=\"135\" \/><\/td>\n<td><a href=\"https:\/\/www.arpeme.fr\/wordpress\/wp-content\/uploads\/2022\/01\/COPIX_bons_commandes.pdf\">Fichier pdf<\/a><\/p>\n<p><a style=\"font-family: inherit; font-size: inherit;\" href=\"https:\/\/www.arpeme.fr\/wordpress\/wp-content\/uploads\/2022\/01\/COPIX_bons_commandes.docx\">Fichier docx<\/a><\/p>\n<p><a href=\"https:\/\/www.arpeme.fr\/wordpress\/wp-content\/uploads\/2022\/01\/COPIX_bons_commandes.odt\">Fichier odt<\/a><\/td>\n<\/tr>\n<tr>\n<td>29<\/td>\n<td>Annexe 3.a :<br \/>\nseconds<br \/>\nbons de commande<\/td>\n<td><img loading=\"lazy\" decoding=\"async\" src=\"https:\/\/www.arpeme.fr\/images\/COPIX_seconds_bons_commande.PNG\" width=\"231\" height=\"175\" \/><\/td>\n<td><a href=\"https:\/\/www.arpeme.fr\/wordpress\/wp-content\/uploads\/2022\/01\/COPIX_bons_commandes_2.pdf\">Fichier pdf<\/a><\/p>\n<p><a href=\"https:\/\/www.arpeme.fr\/wordpress\/wp-content\/uploads\/2022\/01\/COPIX_bons_commandes_2.docx\">Fichier docx<\/a><\/p>\n<p><a href=\"https:\/\/www.arpeme.fr\/wordpress\/wp-content\/uploads\/2022\/01\/COPIX_bons_commandes_2.odt\">Fichier odt<\/a><\/td>\n<\/tr>\n<tr>\n<td>30<\/td>\n<td>Annexe 3.c :<br \/>\ncarrelages<\/td>\n<td><img loading=\"lazy\" decoding=\"async\" src=\"https:\/\/www.arpeme.fr\/images\/COPIX_carrelages.PNG\" width=\"171\" height=\"291\" \/><\/td>\n<td><a href=\"https:\/\/www.arpeme.fr\/wordpress\/wp-content\/uploads\/2022\/01\/COPIX_carrelage.pdf\">Fichier pdf<\/a><\/p>\n<p><a href=\"https:\/\/www.arpeme.fr\/wordpress\/wp-content\/uploads\/2022\/01\/COPIX_carrelage.docx\">Fichier docx<\/a><\/p>\n<p><a href=\"https:\/\/www.arpeme.fr\/wordpress\/wp-content\/uploads\/2022\/01\/COPIX_carrelage.docx\">Fichier odt<\/a><\/td>\n<\/tr>\n<tr>\n<td>34<\/td>\n<td>&nbsp;<\/p>\n<p>Annexe 3.c bis : bons<br \/>\nde commande<br \/>\ncarrelages<\/td>\n<td><img loading=\"lazy\" decoding=\"async\" src=\"https:\/\/www.arpeme.fr\/images\/COPIX_bons_commande_carrelages.PNG\" width=\"176\" height=\"171\" \/><\/td>\n<td>M\u00eame fichier que<br \/>\nl&rsquo;annexe 3.c :<br \/>\nchoisir la page<\/td>\n<\/tr>\n<\/tbody>\n<\/table>\n","protected":false},"excerpt":{"rendered":"<p>BROCHURE Page Annexe Miniature Fichiers 10 Tableau r\u00e9capitulatif des nombres dans la num\u00e9ration COPIX Fichier pdf Fichier docx Fichier odt 17 Annexe 2.1 : bande num\u00e9rique COPIX Fichier xls Fichier ods (choisir l&rsquo;onglet dans le tableur) 18 Annexe 2.2 : quels sont les nombres manquants ? Fichier pdf Fichier docx Fichier odt 18 Annexe 2.3 [&hellip;]<\/p>\n","protected":false},"featured_media":175,"comment_status":"open","ping_status":"closed","template":"","meta":[],"product_brand":[],"product_cat":[60,19],"product_tag":[34,31],"class_list":{"0":"post-179","1":"product","2":"type-product","3":"status-publish","4":"has-post-thumbnail","6":"product_cat-brochures","7":"product_cat-brochures-et-materiel","8":"product_tag-numeration","9":"product_tag-ressources","11":"first","12":"instock","13":"shipping-taxable","14":"product-type-simple"},"jetpack-related-posts":[],"jetpack_sharing_enabled":true,"_links":{"self":[{"href":"https:\/\/www.arpeme.fr\/wordpress\/wp-json\/wp\/v2\/product\/179","targetHints":{"allow":["GET"]}}],"collection":[{"href":"https:\/\/www.arpeme.fr\/wordpress\/wp-json\/wp\/v2\/product"}],"about":[{"href":"https:\/\/www.arpeme.fr\/wordpress\/wp-json\/wp\/v2\/types\/product"}],"replies":[{"embeddable":true,"href":"https:\/\/www.arpeme.fr\/wordpress\/wp-json\/wp\/v2\/comments?post=179"}],"wp:featuredmedia":[{"embeddable":true,"href":"https:\/\/www.arpeme.fr\/wordpress\/wp-json\/wp\/v2\/media\/175"}],"wp:attachment":[{"href":"https:\/\/www.arpeme.fr\/wordpress\/wp-json\/wp\/v2\/media?parent=179"}],"wp:term":[{"taxonomy":"product_brand","embeddable":true,"href":"https:\/\/www.arpeme.fr\/wordpress\/wp-json\/wp\/v2\/product_brand?post=179"},{"taxonomy":"product_cat","embeddable":true,"href":"https:\/\/www.arpeme.fr\/wordpress\/wp-json\/wp\/v2\/product_cat?post=179"},{"taxonomy":"product_tag","embeddable":true,"href":"https:\/\/www.arpeme.fr\/wordpress\/wp-json\/wp\/v2\/product_tag?post=179"}],"curies":[{"name":"wp","href":"https:\/\/api.w.org\/{rel}","templated":true}]}}