{"id":202,"date":"2022-03-28T15:22:32","date_gmt":"2022-03-28T13:22:32","guid":{"rendered":"https:\/\/www.arpeme.fr\/wordpress\/?post_type=product&#038;p=202"},"modified":"2024-06-10T12:02:26","modified_gmt":"2024-06-10T10:02:26","slug":"la-geometrie-plane-du-cycle-3-au-college-trois-modules-de-formation","status":"publish","type":"product","link":"https:\/\/www.arpeme.fr\/wordpress\/produit\/la-geometrie-plane-du-cycle-3-au-college-trois-modules-de-formation\/","title":{"rendered":"La g\u00e9om\u00e9trie plane du cycle 3 au coll\u00e8ge : trois modules de formation"},"content":{"rendered":"<h3 style=\"text-align: center;\"><a href=\"https:\/\/www.arpeme.fr\/wordpress\/wp-content\/uploads\/2022\/01\/GeomLyon_Presentation.pdf\">Pr\u00e9sentation<\/a><\/h3>\n","protected":false},"excerpt":{"rendered":"<h2 style=\"text-align: center;\"><strong>La g\u00e9om\u00e9trie plane du cycle 3 au coll\u00e8ge<br \/>\n<\/strong><\/h2>\n<h2 style=\"text-align: center;\"><strong>Trois modules de formation<\/strong><\/h2>\n<h2 style=\"text-align: center;\"><strong>Un document de<\/strong><\/h2>\n<h2 style=\"text-align: center;\"><strong>IREM de Lyon<\/strong><\/h2>\n<p><img loading=\"lazy\" decoding=\"async\" class=\"size-full wp-image-214 aligncenter\" src=\"https:\/\/www.arpeme.fr\/wordpress\/wp-content\/uploads\/2022\/01\/logo_irem_lyon.png\" alt=\"\" width=\"277\" height=\"165\" \/><\/p>\n<p>&nbsp;<\/p>\n<p style=\"text-align: center;\">\n","protected":false},"featured_media":215,"comment_status":"open","ping_status":"closed","template":"","meta":[],"product_brand":[],"product_cat":[60,19],"product_tag":[44,29,43,42],"class_list":{"0":"post-202","1":"product","2":"type-product","3":"status-publish","4":"has-post-thumbnail","6":"product_cat-brochures","7":"product_cat-brochures-et-materiel","8":"product_tag-college","9":"product_tag-cycle-3","10":"product_tag-geometrie","11":"product_tag-geometrie-plane","13":"first","14":"outofstock","15":"shipping-taxable","16":"purchasable","17":"product-type-simple"},"jetpack-related-posts":[],"jetpack_sharing_enabled":true,"_links":{"self":[{"href":"https:\/\/www.arpeme.fr\/wordpress\/wp-json\/wp\/v2\/product\/202","targetHints":{"allow":["GET"]}}],"collection":[{"href":"https:\/\/www.arpeme.fr\/wordpress\/wp-json\/wp\/v2\/product"}],"about":[{"href":"https:\/\/www.arpeme.fr\/wordpress\/wp-json\/wp\/v2\/types\/product"}],"replies":[{"embeddable":true,"href":"https:\/\/www.arpeme.fr\/wordpress\/wp-json\/wp\/v2\/comments?post=202"}],"wp:featuredmedia":[{"embeddable":true,"href":"https:\/\/www.arpeme.fr\/wordpress\/wp-json\/wp\/v2\/media\/215"}],"wp:attachment":[{"href":"https:\/\/www.arpeme.fr\/wordpress\/wp-json\/wp\/v2\/media?parent=202"}],"wp:term":[{"taxonomy":"product_brand","embeddable":true,"href":"https:\/\/www.arpeme.fr\/wordpress\/wp-json\/wp\/v2\/product_brand?post=202"},{"taxonomy":"product_cat","embeddable":true,"href":"https:\/\/www.arpeme.fr\/wordpress\/wp-json\/wp\/v2\/product_cat?post=202"},{"taxonomy":"product_tag","embeddable":true,"href":"https:\/\/www.arpeme.fr\/wordpress\/wp-json\/wp\/v2\/product_tag?post=202"}],"curies":[{"name":"wp","href":"https:\/\/api.w.org\/{rel}","templated":true}]}}