{"id":2457,"date":"2024-05-30T15:39:39","date_gmt":"2024-05-30T13:39:39","guid":{"rendered":"https:\/\/www.arpeme.fr\/wordpress\/?post_type=product&#038;p=2457"},"modified":"2025-03-19T20:59:19","modified_gmt":"2025-03-19T19:59:19","slug":"actes-du-colloque-de-marseille-version-numerique","status":"publish","type":"product","link":"https:\/\/www.arpeme.fr\/wordpress\/produit\/actes-du-colloque-de-marseille-version-numerique\/","title":{"rendered":"Actes du colloque de Marseille (version num\u00e9rique)"},"content":{"rendered":"<p>Ce document contient l&rsquo;int\u00e9gralit\u00e9 des textes des conf\u00e9rences, comptes-rendus d&rsquo;ateliers et communications du 49e colloque COPIRELEM de Marseille 2023.<\/p>\n","protected":false},"excerpt":{"rendered":"<p>Actes du 49e colloque COPIRELEM, Marseille 2023<\/p>\n","protected":false},"featured_media":2459,"comment_status":"closed","ping_status":"closed","template":"","meta":[],"product_brand":[],"product_cat":[63],"product_tag":[],"class_list":{"0":"post-2457","1":"product","2":"type-product","3":"status-publish","4":"has-post-thumbnail","6":"product_cat-actes-des-colloques-copirelem","8":"first","9":"instock","10":"featured","11":"downloadable","12":"virtual","13":"purchasable","14":"product-type-simple"},"jetpack-related-posts":[],"jetpack_sharing_enabled":true,"_links":{"self":[{"href":"https:\/\/www.arpeme.fr\/wordpress\/wp-json\/wp\/v2\/product\/2457","targetHints":{"allow":["GET"]}}],"collection":[{"href":"https:\/\/www.arpeme.fr\/wordpress\/wp-json\/wp\/v2\/product"}],"about":[{"href":"https:\/\/www.arpeme.fr\/wordpress\/wp-json\/wp\/v2\/types\/product"}],"replies":[{"embeddable":true,"href":"https:\/\/www.arpeme.fr\/wordpress\/wp-json\/wp\/v2\/comments?post=2457"}],"wp:featuredmedia":[{"embeddable":true,"href":"https:\/\/www.arpeme.fr\/wordpress\/wp-json\/wp\/v2\/media\/2459"}],"wp:attachment":[{"href":"https:\/\/www.arpeme.fr\/wordpress\/wp-json\/wp\/v2\/media?parent=2457"}],"wp:term":[{"taxonomy":"product_brand","embeddable":true,"href":"https:\/\/www.arpeme.fr\/wordpress\/wp-json\/wp\/v2\/product_brand?post=2457"},{"taxonomy":"product_cat","embeddable":true,"href":"https:\/\/www.arpeme.fr\/wordpress\/wp-json\/wp\/v2\/product_cat?post=2457"},{"taxonomy":"product_tag","embeddable":true,"href":"https:\/\/www.arpeme.fr\/wordpress\/wp-json\/wp\/v2\/product_tag?post=2457"}],"curies":[{"name":"wp","href":"https:\/\/api.w.org\/{rel}","templated":true}]}}