{"id":266,"date":"2021-01-12T10:21:34","date_gmt":"2021-01-12T09:21:34","guid":{"rendered":"https:\/\/www.arpeme.fr\/wordpress\/?post_type=product&#038;p=266"},"modified":"2025-05-26T03:15:22","modified_gmt":"2025-05-26T01:15:22","slug":"annales-copirelem-2019-version-pdf-gratuite","status":"publish","type":"product","link":"https:\/\/www.arpeme.fr\/wordpress\/produit\/annales-copirelem-2019-version-pdf-gratuite\/","title":{"rendered":"Annales COPIRELEM 2019 version pdf gratuite"},"content":{"rendered":"<p>Annales 2019 du CRPE + Exercices compl\u00e9mentaires avec corrig\u00e9s issus des concours blancs et examens des INSP\u00c9 r\u00e9dig\u00e9es par les membres de la COPIRELEM. <a href=\"https:\/\/www.arpeme.fr\/wordpress\/wp-content\/uploads\/2022\/01\/1E105BFE54657167C2A2-2019.pdf\">lien de t\u00e9l\u00e9chargement gratuit<\/a> <img loading=\"lazy\" decoding=\"async\" class=\"wp-image-26 aligncenter\" src=\"https:\/\/www.arpeme.fr\/wordpress\/wp-content\/uploads\/2021\/01\/logo-copi.jpg.bmp\" alt=\"\" width=\"172\" height=\"108\" \/><\/p>\n","protected":false},"excerpt":{"rendered":"<p style=\"text-align: left;\">Annales 2019 du CRPE<\/p>\n<p style=\"text-align: left;\">+ Exercices compl\u00e9mentaires avec corrig\u00e9s issus des concours blancs et examens des INSP\u00c9 r\u00e9dig\u00e9es par les membres de la COPIRELEM.<\/p>\n<p><a href=\"https:\/\/www.arpeme.fr\/wordpress\/wp-content\/uploads\/2022\/01\/1E105BFE54657167C2A2-2019.pdf\">lien de t\u00e9l\u00e9chargement gratuit<\/a><\/p>\n<p><a href=\"http:\/\/www.copirelem.fr\/\" target=\"_blank\" rel=\"noopener\"><img loading=\"lazy\" decoding=\"async\" class=\"wp-image-26 alignleft\" src=\"https:\/\/www.arpeme.fr\/wordpress\/wp-content\/uploads\/2021\/01\/logo-copi.jpg.bmp\" alt=\"\" width=\"132\" height=\"83\" \/><\/a><\/p>\n","protected":false},"featured_media":12,"comment_status":"open","ping_status":"closed","template":"","meta":[],"product_brand":[],"product_cat":[16,17],"product_tag":[],"class_list":{"0":"post-266","1":"product","2":"type-product","3":"status-publish","4":"has-post-thumbnail","6":"product_cat-annales-du-crpe","7":"product_cat-annales-telechargeables-gratuitement","9":"first","10":"instock","11":"shipping-taxable","12":"product-type-simple"},"jetpack-related-posts":[],"jetpack_sharing_enabled":true,"_links":{"self":[{"href":"https:\/\/www.arpeme.fr\/wordpress\/wp-json\/wp\/v2\/product\/266","targetHints":{"allow":["GET"]}}],"collection":[{"href":"https:\/\/www.arpeme.fr\/wordpress\/wp-json\/wp\/v2\/product"}],"about":[{"href":"https:\/\/www.arpeme.fr\/wordpress\/wp-json\/wp\/v2\/types\/product"}],"replies":[{"embeddable":true,"href":"https:\/\/www.arpeme.fr\/wordpress\/wp-json\/wp\/v2\/comments?post=266"}],"wp:featuredmedia":[{"embeddable":true,"href":"https:\/\/www.arpeme.fr\/wordpress\/wp-json\/wp\/v2\/media\/12"}],"wp:attachment":[{"href":"https:\/\/www.arpeme.fr\/wordpress\/wp-json\/wp\/v2\/media?parent=266"}],"wp:term":[{"taxonomy":"product_brand","embeddable":true,"href":"https:\/\/www.arpeme.fr\/wordpress\/wp-json\/wp\/v2\/product_brand?post=266"},{"taxonomy":"product_cat","embeddable":true,"href":"https:\/\/www.arpeme.fr\/wordpress\/wp-json\/wp\/v2\/product_cat?post=266"},{"taxonomy":"product_tag","embeddable":true,"href":"https:\/\/www.arpeme.fr\/wordpress\/wp-json\/wp\/v2\/product_tag?post=266"}],"curies":[{"name":"wp","href":"https:\/\/api.w.org\/{rel}","templated":true}]}}