{"id":274,"date":"2022-01-12T12:33:06","date_gmt":"2022-01-12T11:33:06","guid":{"rendered":"https:\/\/www.arpeme.fr\/wordpress\/?post_type=product&#038;p=274"},"modified":"2022-01-12T14:09:26","modified_gmt":"2022-01-12T13:09:26","slug":"annales-copirelem-2020-version-pdf-adherents","status":"publish","type":"product","link":"https:\/\/www.arpeme.fr\/wordpress\/produit\/annales-copirelem-2020-version-pdf-adherents\/","title":{"rendered":"Annales COPIRELEM 2020 version pdf adh\u00e9rents"},"content":{"rendered":"<div class=\"woocommerce\"><div class=\"woocommerce-info pms-woo-restriction-message pms-woo-restricted-product-purchasing-message\"><p>Vous devez \u00eatre connect\u00e9 pour voir cette page.<\/p>\n<\/div><\/div>","protected":false},"excerpt":{"rendered":"<p style=\"text-align: left;\">Annales 2020 du CRPE<\/p>\n<p style=\"text-align: left;\">+ Exercices compl\u00e9mentaires avec corrig\u00e9s issus des concours blancs et examens des INSP\u00c9<\/p>\n<p style=\"text-align: left;\">r\u00e9dig\u00e9es par les membres de la COPIRELEM.<\/p>\n<p><a href=\"http:\/\/www.copirelem.fr\/\" target=\"_blank\" rel=\"noopener\"><img loading=\"lazy\" decoding=\"async\" class=\"wp-image-26 alignleft\" src=\"https:\/\/www.arpeme.fr\/wordpress\/wp-content\/uploads\/2021\/01\/logo-copi.jpg.bmp\" alt=\"\" width=\"132\" height=\"83\" \/><\/a><\/p>\n","protected":false},"featured_media":13,"comment_status":"open","ping_status":"closed","template":"","meta":[],"product_brand":[],"product_cat":[20],"product_tag":[],"class_list":{"0":"post-274","1":"product","2":"type-product","3":"status-publish","4":"has-post-thumbnail","6":"product_cat-ressources-adherents","8":"first","9":"instock","10":"downloadable","11":"virtual","12":"product-type-simple"},"jetpack-related-posts":[],"jetpack_sharing_enabled":true,"_links":{"self":[{"href":"https:\/\/www.arpeme.fr\/wordpress\/wp-json\/wp\/v2\/product\/274","targetHints":{"allow":["GET"]}}],"collection":[{"href":"https:\/\/www.arpeme.fr\/wordpress\/wp-json\/wp\/v2\/product"}],"about":[{"href":"https:\/\/www.arpeme.fr\/wordpress\/wp-json\/wp\/v2\/types\/product"}],"replies":[{"embeddable":true,"href":"https:\/\/www.arpeme.fr\/wordpress\/wp-json\/wp\/v2\/comments?post=274"}],"wp:featuredmedia":[{"embeddable":true,"href":"https:\/\/www.arpeme.fr\/wordpress\/wp-json\/wp\/v2\/media\/13"}],"wp:attachment":[{"href":"https:\/\/www.arpeme.fr\/wordpress\/wp-json\/wp\/v2\/media?parent=274"}],"wp:term":[{"taxonomy":"product_brand","embeddable":true,"href":"https:\/\/www.arpeme.fr\/wordpress\/wp-json\/wp\/v2\/product_brand?post=274"},{"taxonomy":"product_cat","embeddable":true,"href":"https:\/\/www.arpeme.fr\/wordpress\/wp-json\/wp\/v2\/product_cat?post=274"},{"taxonomy":"product_tag","embeddable":true,"href":"https:\/\/www.arpeme.fr\/wordpress\/wp-json\/wp\/v2\/product_tag?post=274"}],"curies":[{"name":"wp","href":"https:\/\/api.w.org\/{rel}","templated":true}]}}