{"id":3403,"date":"2025-03-14T09:10:35","date_gmt":"2025-03-14T08:10:35","guid":{"rendered":"https:\/\/www.arpeme.fr\/wordpress\/?post_type=product&#038;p=3403"},"modified":"2025-03-19T20:57:26","modified_gmt":"2025-03-19T19:57:26","slug":"reconnaissance-de-formes-geometriques-au-cycle-1-equipe-didactique-de-geneve","status":"publish","type":"product","link":"https:\/\/www.arpeme.fr\/wordpress\/produit\/reconnaissance-de-formes-geometriques-au-cycle-1-equipe-didactique-de-geneve\/","title":{"rendered":"Reconnaissance de formes g\u00e9om\u00e9triques au cycle 1 (\u00e9quipe didactique de GENEVE)"},"content":{"rendered":"<div class=\"woocommerce\"><div class=\"woocommerce-info pms-woo-restriction-message pms-woo-restricted-product-purchasing-message\"><p>Vous devez \u00eatre connect\u00e9 pour voir cette page.<\/p>\n<\/div><\/div>","protected":false},"excerpt":{"rendered":"<p>Vous devez \u00eatre connect\u00e9 pour voir cette page.<\/p>\n","protected":false},"featured_media":3404,"comment_status":"closed","ping_status":"closed","template":"","meta":[],"product_brand":[],"product_cat":[61],"product_tag":[],"class_list":{"0":"post-3403","1":"product","2":"type-product","3":"status-publish","4":"has-post-thumbnail","6":"product_cat-materiel","8":"first","9":"instock","10":"shipping-taxable","11":"product-type-external"},"jetpack-related-posts":[],"jetpack_sharing_enabled":true,"_links":{"self":[{"href":"https:\/\/www.arpeme.fr\/wordpress\/wp-json\/wp\/v2\/product\/3403","targetHints":{"allow":["GET"]}}],"collection":[{"href":"https:\/\/www.arpeme.fr\/wordpress\/wp-json\/wp\/v2\/product"}],"about":[{"href":"https:\/\/www.arpeme.fr\/wordpress\/wp-json\/wp\/v2\/types\/product"}],"replies":[{"embeddable":true,"href":"https:\/\/www.arpeme.fr\/wordpress\/wp-json\/wp\/v2\/comments?post=3403"}],"wp:featuredmedia":[{"embeddable":true,"href":"https:\/\/www.arpeme.fr\/wordpress\/wp-json\/wp\/v2\/media\/3404"}],"wp:attachment":[{"href":"https:\/\/www.arpeme.fr\/wordpress\/wp-json\/wp\/v2\/media?parent=3403"}],"wp:term":[{"taxonomy":"product_brand","embeddable":true,"href":"https:\/\/www.arpeme.fr\/wordpress\/wp-json\/wp\/v2\/product_brand?post=3403"},{"taxonomy":"product_cat","embeddable":true,"href":"https:\/\/www.arpeme.fr\/wordpress\/wp-json\/wp\/v2\/product_cat?post=3403"},{"taxonomy":"product_tag","embeddable":true,"href":"https:\/\/www.arpeme.fr\/wordpress\/wp-json\/wp\/v2\/product_tag?post=3403"}],"curies":[{"name":"wp","href":"https:\/\/api.w.org\/{rel}","templated":true}]}}