{"id":346,"date":"1999-03-29T15:30:14","date_gmt":"1999-03-29T13:30:14","guid":{"rendered":"https:\/\/www.arpeme.fr\/wordpress\/?post_type=product&#038;p=346"},"modified":"2023-01-11T09:13:47","modified_gmt":"2023-01-11T08:13:47","slug":"https-www-arpeme-fr-wordpress-wp-content-uploads-2022-03-49dd8d40fd78da7f2a30-pdf-copie","status":"publish","type":"product","link":"https:\/\/www.arpeme.fr\/wordpress\/produit\/https-www-arpeme-fr-wordpress-wp-content-uploads-2022-03-49dd8d40fd78da7f2a30-pdf-copie\/","title":{"rendered":"Les Cahiers du Formateur &#8211; Tome 3"},"content":{"rendered":"<p><a href=\"https:\/\/www.arpeme.fr\/wordpress\/wp-content\/uploads\/2022\/03\/49DD8D40FD78DA7F2A30.pdf\" target=\"_blank\" rel=\"noopener\">Tome 3 S\u00e9minaire AIX EN PROVENCE<\/a><\/p>\n<p><a href=\"https:\/\/publimath.univ-irem.fr\/biblio\/IWO00001.htm\" target=\"_blank\" rel=\"noopener\">PUBLIMATH t\u00e9l\u00e9chargement par article<\/a><\/p>\n","protected":false},"excerpt":{"rendered":"<p style=\"text-align: center;\">Documents pour la formation des professeurs d&rsquo;\u00e9cole en didactique des math\u00e9matiques<\/p>\n<p style=\"text-align: center;\">Tome III<\/p>\n<p style=\"text-align: center;\">Pr\u00e9sent\u00e9s au cours du s\u00e9minaire de AIX EN PROVENCE Novembre 1999<\/p>\n<p style=\"text-align: center;\">IREM de Paris VII<\/p>\n","protected":false},"featured_media":348,"comment_status":"open","ping_status":"closed","template":"","meta":[],"product_brand":[],"product_cat":[60,19],"product_tag":[33],"class_list":{"0":"post-346","1":"product","2":"type-product","3":"status-publish","4":"has-post-thumbnail","6":"product_cat-brochures","7":"product_cat-brochures-et-materiel","8":"product_tag-formation","10":"first","11":"instock","12":"shipping-taxable","13":"product-type-simple"},"jetpack-related-posts":[],"jetpack_sharing_enabled":true,"_links":{"self":[{"href":"https:\/\/www.arpeme.fr\/wordpress\/wp-json\/wp\/v2\/product\/346","targetHints":{"allow":["GET"]}}],"collection":[{"href":"https:\/\/www.arpeme.fr\/wordpress\/wp-json\/wp\/v2\/product"}],"about":[{"href":"https:\/\/www.arpeme.fr\/wordpress\/wp-json\/wp\/v2\/types\/product"}],"replies":[{"embeddable":true,"href":"https:\/\/www.arpeme.fr\/wordpress\/wp-json\/wp\/v2\/comments?post=346"}],"wp:featuredmedia":[{"embeddable":true,"href":"https:\/\/www.arpeme.fr\/wordpress\/wp-json\/wp\/v2\/media\/348"}],"wp:attachment":[{"href":"https:\/\/www.arpeme.fr\/wordpress\/wp-json\/wp\/v2\/media?parent=346"}],"wp:term":[{"taxonomy":"product_brand","embeddable":true,"href":"https:\/\/www.arpeme.fr\/wordpress\/wp-json\/wp\/v2\/product_brand?post=346"},{"taxonomy":"product_cat","embeddable":true,"href":"https:\/\/www.arpeme.fr\/wordpress\/wp-json\/wp\/v2\/product_cat?post=346"},{"taxonomy":"product_tag","embeddable":true,"href":"https:\/\/www.arpeme.fr\/wordpress\/wp-json\/wp\/v2\/product_tag?post=346"}],"curies":[{"name":"wp","href":"https:\/\/api.w.org\/{rel}","templated":true}]}}