{"id":358,"date":"2004-03-29T16:02:36","date_gmt":"2004-03-29T14:02:36","guid":{"rendered":"https:\/\/www.arpeme.fr\/wordpress\/?post_type=product&#038;p=358"},"modified":"2023-01-11T09:13:06","modified_gmt":"2023-01-11T08:13:06","slug":"les-cahiers-du-formateur-tome-7","status":"publish","type":"product","link":"https:\/\/www.arpeme.fr\/wordpress\/produit\/les-cahiers-du-formateur-tome-7\/","title":{"rendered":"Les Cahiers du Formateur &#8211; Tome 7"},"content":{"rendered":"<p><a href=\"https:\/\/www.arpeme.fr\/wordpress\/wp-content\/uploads\/2022\/03\/36810DA138344E390A96.pdf\" target=\"_blank\" rel=\"noopener\">Tome 7 S\u00e9minaire DRAGUIGNAN et BLOIS<\/a><\/p>\n<p><a href=\"https:\/\/publimath.univ-irem.fr\/biblio\/IWO07001.htm\" target=\"_blank\" rel=\"noopener\">PUBLIMATH t\u00e9l\u00e9chargement par article<\/a><\/p>\n","protected":false},"excerpt":{"rendered":"<p style=\"text-align: center;\">Documents pour la formation des professeurs d&rsquo;\u00e9cole en didactique des math\u00e9matiques<\/p>\n<p style=\"text-align: center;\">Tome VII<\/p>\n<p style=\"text-align: center;\">Pr\u00e9sent\u00e9s au cours du s\u00e9minaire de DRAGUIGNAN novembre 2004 et de BLOIS D\u00e9cembre 2005<\/p>\n<p style=\"text-align: center;\">IREM PARIS VII<\/p>\n","protected":false},"featured_media":359,"comment_status":"open","ping_status":"closed","template":"","meta":[],"product_brand":[],"product_cat":[60,19],"product_tag":[33],"class_list":{"0":"post-358","1":"product","2":"type-product","3":"status-publish","4":"has-post-thumbnail","6":"product_cat-brochures","7":"product_cat-brochures-et-materiel","8":"product_tag-formation","10":"first","11":"instock","12":"shipping-taxable","13":"product-type-simple"},"jetpack-related-posts":[],"jetpack_sharing_enabled":true,"_links":{"self":[{"href":"https:\/\/www.arpeme.fr\/wordpress\/wp-json\/wp\/v2\/product\/358","targetHints":{"allow":["GET"]}}],"collection":[{"href":"https:\/\/www.arpeme.fr\/wordpress\/wp-json\/wp\/v2\/product"}],"about":[{"href":"https:\/\/www.arpeme.fr\/wordpress\/wp-json\/wp\/v2\/types\/product"}],"replies":[{"embeddable":true,"href":"https:\/\/www.arpeme.fr\/wordpress\/wp-json\/wp\/v2\/comments?post=358"}],"wp:featuredmedia":[{"embeddable":true,"href":"https:\/\/www.arpeme.fr\/wordpress\/wp-json\/wp\/v2\/media\/359"}],"wp:attachment":[{"href":"https:\/\/www.arpeme.fr\/wordpress\/wp-json\/wp\/v2\/media?parent=358"}],"wp:term":[{"taxonomy":"product_brand","embeddable":true,"href":"https:\/\/www.arpeme.fr\/wordpress\/wp-json\/wp\/v2\/product_brand?post=358"},{"taxonomy":"product_cat","embeddable":true,"href":"https:\/\/www.arpeme.fr\/wordpress\/wp-json\/wp\/v2\/product_cat?post=358"},{"taxonomy":"product_tag","embeddable":true,"href":"https:\/\/www.arpeme.fr\/wordpress\/wp-json\/wp\/v2\/product_tag?post=358"}],"curies":[{"name":"wp","href":"https:\/\/api.w.org\/{rel}","templated":true}]}}