{"id":3675,"date":"2025-06-10T13:40:57","date_gmt":"2025-06-10T11:40:57","guid":{"rendered":"https:\/\/www.arpeme.fr\/wordpress\/?post_type=product&#038;p=3675"},"modified":"2025-06-21T18:50:58","modified_gmt":"2025-06-21T16:50:58","slug":"actes-du-colloque-de-bonneuil-version-numerique","status":"publish","type":"product","link":"https:\/\/www.arpeme.fr\/wordpress\/produit\/actes-du-colloque-de-bonneuil-version-numerique\/","title":{"rendered":"Actes du colloque de Bonneuil (version num\u00e9rique)"},"content":{"rendered":"<p>Ce document contient l&rsquo;int\u00e9gralit\u00e9 des textes des conf\u00e9rences, comptes-rendus d&rsquo;ateliers et communications du 50e colloque COPIRELEM de Bonneuil 2024.<\/p>\n","protected":false},"excerpt":{"rendered":"<p>Actes du 50e colloque COPIRELEM, Bonneuil 2024<\/p>\n","protected":false},"featured_media":3677,"comment_status":"closed","ping_status":"closed","template":"","meta":[],"product_brand":[],"product_cat":[63],"product_tag":[],"class_list":{"0":"post-3675","1":"product","2":"type-product","3":"status-publish","4":"has-post-thumbnail","6":"product_cat-actes-des-colloques-copirelem","8":"first","9":"instock","10":"featured","11":"downloadable","12":"virtual","13":"purchasable","14":"product-type-simple"},"jetpack-related-posts":[],"jetpack_sharing_enabled":true,"_links":{"self":[{"href":"https:\/\/www.arpeme.fr\/wordpress\/wp-json\/wp\/v2\/product\/3675","targetHints":{"allow":["GET"]}}],"collection":[{"href":"https:\/\/www.arpeme.fr\/wordpress\/wp-json\/wp\/v2\/product"}],"about":[{"href":"https:\/\/www.arpeme.fr\/wordpress\/wp-json\/wp\/v2\/types\/product"}],"replies":[{"embeddable":true,"href":"https:\/\/www.arpeme.fr\/wordpress\/wp-json\/wp\/v2\/comments?post=3675"}],"wp:featuredmedia":[{"embeddable":true,"href":"https:\/\/www.arpeme.fr\/wordpress\/wp-json\/wp\/v2\/media\/3677"}],"wp:attachment":[{"href":"https:\/\/www.arpeme.fr\/wordpress\/wp-json\/wp\/v2\/media?parent=3675"}],"wp:term":[{"taxonomy":"product_brand","embeddable":true,"href":"https:\/\/www.arpeme.fr\/wordpress\/wp-json\/wp\/v2\/product_brand?post=3675"},{"taxonomy":"product_cat","embeddable":true,"href":"https:\/\/www.arpeme.fr\/wordpress\/wp-json\/wp\/v2\/product_cat?post=3675"},{"taxonomy":"product_tag","embeddable":true,"href":"https:\/\/www.arpeme.fr\/wordpress\/wp-json\/wp\/v2\/product_tag?post=3675"}],"curies":[{"name":"wp","href":"https:\/\/api.w.org\/{rel}","templated":true}]}}