{"id":398,"date":"2022-09-23T11:22:45","date_gmt":"2022-09-23T09:22:45","guid":{"rendered":"https:\/\/www.arpeme.fr\/?post_type=product&#038;p=398"},"modified":"2024-06-04T05:59:12","modified_gmt":"2024-06-04T03:59:12","slug":"construire-une-expertise-pour-la-formation-tome-2","status":"publish","type":"product","link":"https:\/\/www.arpeme.fr\/wordpress\/produit\/construire-une-expertise-pour-la-formation-tome-2\/","title":{"rendered":"Construire une expertise pour la formation Tome 2"},"content":{"rendered":"<div class=\"tab-content\">\n<ul>\n<li id=\"infos-description\" class=\"tab-pane active\">Cette brochure s\u2019inscrit dans la r\u00e9flexion men\u00e9e par la COPIRELEM \u00e0 propos de la conception d\u2019outils pour le formateur. Vous y trouverez la pr\u00e9sentation d\u00e9taill\u00e9e du d\u00e9roulement de situations de formation \u00e0 l\u2019enseignement des math\u00e9matiques pour la formation initiale et continue des professeurs des \u00e9coles, compl\u00e9t\u00e9e par une pr\u00e9sentation des enjeux vis\u00e9s par chacune de ces situations et par une analyse des choix effectu\u00e9s. Ces outils visent une meilleure appropriation des situations par le formateur, gr\u00e2ce \u00e0 des indications de mise en \u0153uvre, ainsi qu\u2019\u00e0 la possibilit\u00e9 d\u2019envisager des adaptations raisonn\u00e9es prenant en compte le public concern\u00e9 et les contraintes de la formation. Pour ce deuxi\u00e8me tome, nous avons retenu quatre situations s\u2019appuyant sur des modalit\u00e9s vari\u00e9es (analyse de productions d\u2019\u00e9l\u00e8ves, analyse de pratiques \u00e0 partir de vid\u00e9o, homologie &#8211; transposition, jeu de r\u00f4les) et portant sur des contenus math\u00e9matiques et didactiques diff\u00e9rents (sym\u00e9trie axiale, r\u00e9solution de probl\u00e8mes, g\u00e9om\u00e9trie des solides, processus d\u2019institutionnalisation). Toutes ces situations ont \u00e9t\u00e9 test\u00e9es par plusieurs formateurs, dans diff\u00e9rents contextes, et se sont r\u00e9v\u00e9l\u00e9es robustes, consistantes et riches.<\/li>\n<\/ul>\n<\/div>\n<p>&nbsp;<\/p>\n","protected":false},"excerpt":{"rendered":"<p>Cette brochure s\u2019inscrit dans la r\u00e9flexion men\u00e9e par la COPIRELEM \u00e0 propos de la conception d\u2019outils pour le formateur. Vous y trouverez la pr\u00e9sentation d\u00e9taill\u00e9e du d\u00e9roulement de situations de formation \u00e0 l\u2019enseignement des math\u00e9matiques pour la formation initiale et continue des professeurs des \u00e9coles, compl\u00e9t\u00e9e par une pr\u00e9sentation des enjeux vis\u00e9s par chacune de [&hellip;]<\/p>\n","protected":false},"featured_media":399,"comment_status":"open","ping_status":"closed","template":"","meta":[],"product_brand":[],"product_cat":[60,19],"product_tag":[],"class_list":{"0":"post-398","1":"product","2":"type-product","3":"status-publish","4":"has-post-thumbnail","6":"product_cat-brochures","7":"product_cat-brochures-et-materiel","9":"first","10":"instock","11":"purchasable","12":"product-type-simple"},"jetpack-related-posts":[],"jetpack_sharing_enabled":true,"_links":{"self":[{"href":"https:\/\/www.arpeme.fr\/wordpress\/wp-json\/wp\/v2\/product\/398","targetHints":{"allow":["GET"]}}],"collection":[{"href":"https:\/\/www.arpeme.fr\/wordpress\/wp-json\/wp\/v2\/product"}],"about":[{"href":"https:\/\/www.arpeme.fr\/wordpress\/wp-json\/wp\/v2\/types\/product"}],"replies":[{"embeddable":true,"href":"https:\/\/www.arpeme.fr\/wordpress\/wp-json\/wp\/v2\/comments?post=398"}],"wp:featuredmedia":[{"embeddable":true,"href":"https:\/\/www.arpeme.fr\/wordpress\/wp-json\/wp\/v2\/media\/399"}],"wp:attachment":[{"href":"https:\/\/www.arpeme.fr\/wordpress\/wp-json\/wp\/v2\/media?parent=398"}],"wp:term":[{"taxonomy":"product_brand","embeddable":true,"href":"https:\/\/www.arpeme.fr\/wordpress\/wp-json\/wp\/v2\/product_brand?post=398"},{"taxonomy":"product_cat","embeddable":true,"href":"https:\/\/www.arpeme.fr\/wordpress\/wp-json\/wp\/v2\/product_cat?post=398"},{"taxonomy":"product_tag","embeddable":true,"href":"https:\/\/www.arpeme.fr\/wordpress\/wp-json\/wp\/v2\/product_tag?post=398"}],"curies":[{"name":"wp","href":"https:\/\/api.w.org\/{rel}","templated":true}]}}