{"id":4553,"date":"2025-11-30T18:05:10","date_gmt":"2025-11-30T17:05:10","guid":{"rendered":"https:\/\/www.arpeme.fr\/wordpress\/?post_type=product&#038;p=4553"},"modified":"2025-11-30T18:11:42","modified_gmt":"2025-11-30T17:11:42","slug":"annales-copirelem-pour-preparer-le-crpe-2026-tarif-vente-directe-aux-etudiants-lot-avec-preparation-2022","status":"publish","type":"product","link":"https:\/\/www.arpeme.fr\/wordpress\/produit\/annales-copirelem-pour-preparer-le-crpe-2026-tarif-vente-directe-aux-etudiants-lot-avec-preparation-2022\/","title":{"rendered":"Annales COPIRELEM pour pr\u00e9parer le CRPE 2026 (Tarif vente directe aux \u00e9tudiants) Lot avec Pr\u00e9paration 2022"},"content":{"rendered":"<p>Annales COPIRELEM pour pr\u00e9parer le CRPE 2026 + Partie math\u00e9matique du concours interne exceptionnel\u00a0 + Sujet 0 concours niveau \u00ab\u00a0licence\u00a0\u00bb + Exercices compl\u00e9mentaires Banque de QCM avec corrig\u00e9s pour r\u00e9viser les incontournables des \u00e9crits des CRPE niveau \u00ab\u00a0master\u00a0\u00bb et niveau \u00ab\u00a0licence\u00a0\u00bb + Exemples de sujets corrig\u00e9s pour <strong>pr\u00e9parer l&rsquo;\u00e9preuve orale du CRPE<\/strong> niveau\u00a0\u00bbmaster\u00a0\u00bb<a href=\"http:\/\/www.copirelem.fr\/\" target=\"_blank\" rel=\"noopener\"><img loading=\"lazy\" decoding=\"async\" class=\"wp-image-26 aligncenter\" src=\"https:\/\/www.arpeme.fr\/wordpress\/wp-content\/uploads\/2021\/01\/logo-copi.jpg.bmp\" alt=\"\" width=\"172\" height=\"108\" \/><\/a><\/p>\n","protected":false},"excerpt":{"rendered":"<p>Annales COPIRELEM pour pr\u00e9parer le CRPE 2026\u00a0 \u00a0 \u00a0(Le lot de 2 avec Pr\u00e9paration 2022)<\/p>\n<p>+<\/p>\n<p>Partie math\u00e9matiques du concours interne exceptionnel<\/p>\n<p>+<\/p>\n<p>Sujet 0 concours niveau \u00ab\u00a0licence\u00a0\u00bb<\/p>\n<p>+<\/p>\n<p>Exercices compl\u00e9mentaires Banque de QCM avec corrig\u00e9s pour r\u00e9viser les incontournables des \u00e9crits des CRPE niveau \u00ab\u00a0master\u00a0\u00bb et niveau \u00ab\u00a0licence\u00a0\u00bb<\/p>\n<p>+<\/p>\n<p>Exemples de sujets corrig\u00e9s pour <strong>pr\u00e9parer l&rsquo;\u00e9preuve orale du CRPE<\/strong> niveau \u00ab\u00a0master\u00a0\u00bb<\/p>\n<p><a href=\"http:\/\/www.copirelem.fr\/\" target=\"_blank\" rel=\"noopener\"><img loading=\"lazy\" decoding=\"async\" class=\"alignnone wp-image-26\" src=\"https:\/\/www.arpeme.fr\/wordpress\/wp-content\/uploads\/2021\/01\/logo-copi.jpg.bmp\" alt=\"\" width=\"172\" height=\"108\" \/><\/a><\/p>\n","protected":false},"featured_media":4554,"comment_status":"closed","ping_status":"closed","template":"","meta":[],"product_brand":[],"product_cat":[16,18],"product_tag":[],"class_list":{"0":"post-4553","1":"product","2":"type-product","3":"status-publish","4":"has-post-thumbnail","6":"product_cat-annales-du-crpe","7":"product_cat-annales-disponibles-a-la-commande","9":"first","10":"instock","11":"sale","12":"featured","13":"shipping-taxable","14":"purchasable","15":"product-type-simple"},"jetpack-related-posts":[],"jetpack_sharing_enabled":true,"_links":{"self":[{"href":"https:\/\/www.arpeme.fr\/wordpress\/wp-json\/wp\/v2\/product\/4553","targetHints":{"allow":["GET"]}}],"collection":[{"href":"https:\/\/www.arpeme.fr\/wordpress\/wp-json\/wp\/v2\/product"}],"about":[{"href":"https:\/\/www.arpeme.fr\/wordpress\/wp-json\/wp\/v2\/types\/product"}],"replies":[{"embeddable":true,"href":"https:\/\/www.arpeme.fr\/wordpress\/wp-json\/wp\/v2\/comments?post=4553"}],"wp:featuredmedia":[{"embeddable":true,"href":"https:\/\/www.arpeme.fr\/wordpress\/wp-json\/wp\/v2\/media\/4554"}],"wp:attachment":[{"href":"https:\/\/www.arpeme.fr\/wordpress\/wp-json\/wp\/v2\/media?parent=4553"}],"wp:term":[{"taxonomy":"product_brand","embeddable":true,"href":"https:\/\/www.arpeme.fr\/wordpress\/wp-json\/wp\/v2\/product_brand?post=4553"},{"taxonomy":"product_cat","embeddable":true,"href":"https:\/\/www.arpeme.fr\/wordpress\/wp-json\/wp\/v2\/product_cat?post=4553"},{"taxonomy":"product_tag","embeddable":true,"href":"https:\/\/www.arpeme.fr\/wordpress\/wp-json\/wp\/v2\/product_tag?post=4553"}],"curies":[{"name":"wp","href":"https:\/\/api.w.org\/{rel}","templated":true}]}}