{"id":507,"date":"2022-11-20T10:53:47","date_gmt":"2022-11-20T09:53:47","guid":{"rendered":"https:\/\/www.arpeme.fr\/wordpress\/?post_type=product&#038;p=507"},"modified":"2022-11-20T10:59:42","modified_gmt":"2022-11-20T09:59:42","slug":"annales-copirelem-pour-preparer-le-crpe-2022-version-pdf-adherents","status":"publish","type":"product","link":"https:\/\/www.arpeme.fr\/wordpress\/produit\/annales-copirelem-pour-preparer-le-crpe-2022-version-pdf-adherents\/","title":{"rendered":"Annales COPIRELEM pour pr\u00e9parer le CRPE 2022 &#8211; version pdf adh\u00e9rents"},"content":{"rendered":"<p>Annales COPIRELEM pour pr\u00e9parer le CRPE 2022 + Exercices compl\u00e9mentaires avec corrig\u00e9s issus des concours blancs et examens des INSP\u00c9 + Exemples de sujets corrig\u00e9s pour <strong>pr\u00e9parer l&rsquo;\u00e9preuve orale du CRPE<\/strong> <a href=\"http:\/\/www.copirelem.fr\/\" target=\"_blank\" rel=\"noopener\"><img loading=\"lazy\" decoding=\"async\" class=\"wp-image-26 aligncenter\" src=\"https:\/\/www.arpeme.fr\/wordpress\/wp-content\/uploads\/2021\/01\/logo-copi.jpg.bmp\" alt=\"\" width=\"172\" height=\"108\" \/><\/a><\/p>\n","protected":false},"excerpt":{"rendered":"<p>Annales COPIRELEM pour pr\u00e9parer le CRPE 2022<\/p>\n<p>+<\/p>\n<p>Exercices compl\u00e9mentaires avec corrig\u00e9s issus des concours blancs et examens des INSP\u00c9<br \/>\n+<br \/>\nExemples de sujets corrig\u00e9s pour <strong>pr\u00e9parer l&rsquo;\u00e9preuve orale du CRPE<\/strong><\/p>\n<p><a href=\"http:\/\/www.copirelem.fr\/\" target=\"_blank\" rel=\"noopener\"><img loading=\"lazy\" decoding=\"async\" class=\"alignnone wp-image-26\" src=\"https:\/\/www.arpeme.fr\/wordpress\/wp-content\/uploads\/2021\/01\/logo-copi.jpg.bmp\" alt=\"\" width=\"172\" height=\"108\" \/><\/a><\/p>\n","protected":false},"featured_media":475,"comment_status":"open","ping_status":"closed","template":"","meta":[],"product_brand":[],"product_cat":[20],"product_tag":[],"class_list":{"0":"post-507","1":"product","2":"type-product","3":"status-publish","4":"has-post-thumbnail","6":"product_cat-ressources-adherents","7":"product_shipping_class-1vol-lv","9":"first","10":"instock","11":"downloadable","12":"virtual","13":"product-type-simple"},"jetpack-related-posts":[],"jetpack_sharing_enabled":true,"_links":{"self":[{"href":"https:\/\/www.arpeme.fr\/wordpress\/wp-json\/wp\/v2\/product\/507","targetHints":{"allow":["GET"]}}],"collection":[{"href":"https:\/\/www.arpeme.fr\/wordpress\/wp-json\/wp\/v2\/product"}],"about":[{"href":"https:\/\/www.arpeme.fr\/wordpress\/wp-json\/wp\/v2\/types\/product"}],"replies":[{"embeddable":true,"href":"https:\/\/www.arpeme.fr\/wordpress\/wp-json\/wp\/v2\/comments?post=507"}],"wp:featuredmedia":[{"embeddable":true,"href":"https:\/\/www.arpeme.fr\/wordpress\/wp-json\/wp\/v2\/media\/475"}],"wp:attachment":[{"href":"https:\/\/www.arpeme.fr\/wordpress\/wp-json\/wp\/v2\/media?parent=507"}],"wp:term":[{"taxonomy":"product_brand","embeddable":true,"href":"https:\/\/www.arpeme.fr\/wordpress\/wp-json\/wp\/v2\/product_brand?post=507"},{"taxonomy":"product_cat","embeddable":true,"href":"https:\/\/www.arpeme.fr\/wordpress\/wp-json\/wp\/v2\/product_cat?post=507"},{"taxonomy":"product_tag","embeddable":true,"href":"https:\/\/www.arpeme.fr\/wordpress\/wp-json\/wp\/v2\/product_tag?post=507"}],"curies":[{"name":"wp","href":"https:\/\/api.w.org\/{rel}","templated":true}]}}